{"id":18,"date":"2022-07-18T17:45:43","date_gmt":"2022-07-18T15:45:43","guid":{"rendered":"http:\/\/prowerk-consulting.de\/?page_id=18"},"modified":"2025-09-21T20:12:42","modified_gmt":"2025-09-21T18:12:42","slug":"produktentwicklung","status":"publish","type":"page","link":"https:\/\/prowerk-consulting.de\/en\/produktentwicklung\/","title":{"rendered":"Product development"},"content":{"rendered":"<div class=\"gb-container gb-container-71350ae8 alignfull\"><div class=\"gb-inside-container\"><\/div><\/div>\n\n<div class=\"gb-container gb-container-5c213bf9 shadow animated fadeInUp fast\"><div class=\"gb-inside-container\">\n\n<h1 class=\"gb-headline gb-headline-f0c9a625 gb-headline-text\">Product development<\/h1>\n\n\n\n<p><strong>From the first product idea to the start of production, we support you in achieving your product development goals. Get an overview of our toolbox of methods.<\/strong><\/p>\n\n\n\n<p>Individual methods of the modular system can be used independently of each other. For example, we develop not only product-specific but also cross-series manufacturing and assembly concepts. <\/p>\n\n\n\n<p class=\"contact-link translation-block\"><strong>Do you have any questions? <\/strong><a href=\"en\/kontakt\/\" target=\"_self\">Then please feel free to contact us!<\/a><\/p>\n\n<\/div><\/div>\n\n<div class=\"gb-container gb-container-65b12629 alignfull\"><div class=\"gb-inside-container\">\n<div class=\"gb-grid-wrapper gb-grid-wrapper-d747e9df\">\n<div class=\"gb-grid-column gb-grid-column-2c0084f1\"><div class=\"gb-container gb-container-2c0084f1 teaser\"><div class=\"gb-inside-container\">\n\n<figure class=\"gb-block-image gb-block-image-89cacb83\"><img loading=\"lazy\" decoding=\"async\" width=\"180\" height=\"180\" class=\"gb-image gb-image-89cacb83 animated fadeInUp fast\" src=\"https:\/\/prowerk-consulting.de\/wp-content\/uploads\/2022\/07\/icon-marktanalyse.png\" alt=\"\" title=\"icon-marktanalyse\" srcset=\"https:\/\/prowerk-consulting.de\/wp-content\/uploads\/2022\/07\/icon-marktanalyse.png 180w, https:\/\/prowerk-consulting.de\/wp-content\/uploads\/2022\/07\/icon-marktanalyse-150x150.png 150w\" sizes=\"auto, (max-width: 180px) 100vw, 180px\" \/><\/figure>\n\n\n\n<h3 class=\"gb-headline gb-headline-ea45ed64 gb-headline-text\">Specifications<\/h3>\n\n\n\n<figure class=\"wp-block-image size-full\"><a class=\"smooth-scroll\" href=\"\/produktentwicklung\/#lastenheft\" rel=\"\/produktentwicklung\/#lastenheft\"><img loading=\"lazy\" decoding=\"async\" width=\"56\" height=\"46\" src=\"https:\/\/prowerk-consulting.de\/wp-content\/uploads\/2022\/07\/pfeil.png\" alt=\"\" class=\"wp-image-250\"\/><\/a><\/figure>\n\n<\/div><\/div><\/div>\n\n<div class=\"gb-grid-column gb-grid-column-641a082d\"><div class=\"gb-container gb-container-641a082d teaser\"><div class=\"gb-inside-container\">\n\n<figure class=\"gb-block-image gb-block-image-4ca3a556\"><img loading=\"lazy\" decoding=\"async\" width=\"180\" height=\"180\" class=\"gb-image gb-image-4ca3a556 animated fadeInUp delay-100ms fast\" src=\"https:\/\/prowerk-consulting.de\/wp-content\/uploads\/2022\/07\/icon-pflichtenheft.png\" alt=\"\" title=\"icon-pflichtenheft\" srcset=\"https:\/\/prowerk-consulting.de\/wp-content\/uploads\/2022\/07\/icon-pflichtenheft.png 180w, https:\/\/prowerk-consulting.de\/wp-content\/uploads\/2022\/07\/icon-pflichtenheft-150x150.png 150w\" sizes=\"auto, (max-width: 180px) 100vw, 180px\" \/><\/figure>\n\n\n\n<h3 class=\"gb-headline gb-headline-57da5454 gb-headline-text\">Duties booklet<\/h3>\n\n\n\n<figure class=\"wp-block-image size-full is-resized\"><a class=\"smooth-scroll\" href=\"\/produktentwicklung\/#pflichtenheft\"><img loading=\"lazy\" decoding=\"async\" width=\"56\" height=\"46\" src=\"https:\/\/prowerk-consulting.de\/wp-content\/uploads\/2022\/07\/pfeil.png\" alt=\"\" class=\"wp-image-250\" style=\"width:56px;height:46px\"\/><\/a><\/figure>\n\n<\/div><\/div><\/div>\n\n<div class=\"gb-grid-column gb-grid-column-c0efe3d2\"><div class=\"gb-container gb-container-c0efe3d2 teaser\"><div class=\"gb-inside-container\">\n\n<figure class=\"gb-block-image gb-block-image-f35b68c8\"><img loading=\"lazy\" decoding=\"async\" width=\"180\" height=\"180\" class=\"gb-image gb-image-f35b68c8 animated fadeInUp delay-200ms fast\" src=\"https:\/\/prowerk-consulting.de\/wp-content\/uploads\/2022\/07\/icon-details.png\" alt=\"\" title=\"icon-details\" srcset=\"https:\/\/prowerk-consulting.de\/wp-content\/uploads\/2022\/07\/icon-details.png 180w, https:\/\/prowerk-consulting.de\/wp-content\/uploads\/2022\/07\/icon-details-150x150.png 150w\" sizes=\"auto, (max-width: 180px) 100vw, 180px\" \/><\/figure>\n\n\n\n<h3 class=\"gb-headline gb-headline-4f594e18 gb-headline-text\">Detailing phase<\/h3>\n\n\n\n<figure class=\"wp-block-image size-full\"><a class=\"smooth-scroll\" href=\"\/produktentwicklung\/#detaillierungsphase\"><img loading=\"lazy\" decoding=\"async\" width=\"56\" height=\"46\" src=\"https:\/\/prowerk-consulting.de\/wp-content\/uploads\/2022\/07\/pfeil.png\" alt=\"\" class=\"wp-image-250\"\/><\/a><\/figure>\n\n<\/div><\/div><\/div>\n\n<div class=\"gb-grid-column gb-grid-column-e52d2e4e\"><div class=\"gb-container gb-container-e52d2e4e teaser\"><div class=\"gb-inside-container\">\n\n<figure class=\"gb-block-image gb-block-image-8d2b8647\"><img loading=\"lazy\" decoding=\"async\" width=\"180\" height=\"180\" class=\"gb-image gb-image-8d2b8647 animated fadeInUp delay-500ms fast\" src=\"https:\/\/prowerk-consulting.de\/wp-content\/uploads\/2022\/07\/icon-prototyp.png\" alt=\"\" title=\"icon-prototyp\" srcset=\"https:\/\/prowerk-consulting.de\/wp-content\/uploads\/2022\/07\/icon-prototyp.png 180w, https:\/\/prowerk-consulting.de\/wp-content\/uploads\/2022\/07\/icon-prototyp-150x150.png 150w\" sizes=\"auto, (max-width: 180px) 100vw, 180px\" \/><\/figure>\n\n\n\n<h3 class=\"gb-headline gb-headline-10517b6e gb-headline-text\">Prototype and series start-up<\/h3>\n\n\n\n<figure class=\"wp-block-image size-full\"><a class=\"smooth-scroll\" href=\"\/produktentwicklung\/#prototyp\"><img loading=\"lazy\" decoding=\"async\" width=\"56\" height=\"46\" src=\"https:\/\/prowerk-consulting.de\/wp-content\/uploads\/2022\/07\/pfeil.png\" alt=\"\" class=\"wp-image-250\"\/><\/a><\/figure>\n\n<\/div><\/div><\/div>\n<\/div>\n<\/div><\/div>\n\n<div class=\"gb-container gb-container-8801ad2e shadow animated fadeInUp fast\"><div class=\"gb-inside-container\">\n\n<h2 class=\"gb-headline gb-headline-d863eadc gb-headline-text\" id=\"lastenheft\">Specifications<\/h2>\n\n\n\n<p>Where should your product stand in comparison to the competition? Which characteristics does the market demand and which should your product fulfill? What are standard market selling prices and what target costs are derived from them for your product?<\/p>\n\n\n\n<p>We support you with <strong>Market and competition analyses<\/strong>. For this we carry for example <strong>Market surveys<\/strong> analyze competitive products, carry out <strong>Differential cost considerations<\/strong> compared with competitor products and derive from this <strong>Features<\/strong> and <strong>Target manufacturing costs<\/strong> for your product. On this basis, we define the specifications for your new machine or system together with you. In this project phase, we work in particular with your sales and product management - but we also take into account other requirements from other internal departments such as service, commissioning, assembly and production.<\/p>\n\n\n\n<p><\/p>\n\n<\/div><\/div>\n\n<div class=\"gb-container gb-container-351099ab shadow animated fadeInUp fast\"><div class=\"gb-inside-container\">\n\n<h2 class=\"gb-headline gb-headline-e2bc16a4 gb-headline-text\" id=\"pflichtenheft\">Duties booklet<\/h2>\n\n\n\n<p>How can the properties and specifications required by the market be achieved? How can the target costs be achieved? What is the best concept for your new machine or plant?<\/p>\n\n\n\n<p><\/p>\n\n\n\n<p>We answer these questions on the basis of the <strong>Design-to-Cost<\/strong> Ansatzes, f\u00fcr den wir unsere <strong>Methode Kostennavigator <\/strong>entwickelt haben. Bei der Methode Kostennavigator definieren wir mit Ihnen f\u00fcr jede Baugruppe und f\u00fcr einzelne wichtige Bauteile Zielkosten auf Basis der Zielkosten f\u00fcr die Gesamtanlage. Um Kostentreiber zu identifizieren und Gegenma\u00dfnahmen ergreifen zu k\u00f6nnen, werden f\u00fcr die erarbeiteten Konzepte vom Entwicklungsteam fr\u00fchzeitig die Kosten gesch\u00e4tzt, kalkuliert und \u00fcber den Kostennavigator auf die Gesamtmaschine hochgerechnet. Hierdurch haben Sie von Projektbeginn an volle Kostentransparenz sowohl f\u00fcr einzelne Baugruppen als auch f\u00fcr die gesamte Maschine.<\/p>\n\n\n\n<p>Wir unterst\u00fctzen Ihr Entwicklungsteam in dieser Phase mit vielen Ideen und Ans\u00e4tzen, um Konzepte zu erarbeiten, mit denen die Spezifikationen erf\u00fcllt und die Zielkosten erreicht werden. Wir <strong>kalkulieren<\/strong> bereits in dieser Projektphase die Kosten f\u00fcr die wesentlichen Bauteile und auch f\u00fcr Konzepte \u2013 dabei ber\u00fccksichtigen wir die Kalkulationsmethodik ihres Hauses.<\/p>\n\n\n\n<p>Ein wesentlicher L\u00f6sungsansatz f\u00fcr kosteng\u00fcnstige Konzepte ist der <strong>modulare Baukasten<\/strong>. Dabei gilt: Weniger ist oft mehr! Mit einem schlanken Baukasten gehen geringere Kosten und sp\u00e4ter auch ein wesentlich geringerer Pflegeaufwand einher. Daher spezifizieren wir im Entwicklungsteam, welche Eigenschaften \u00fcber den Standardbaukasten abgebildet werden und welche nur kundenspezifisch verkauft werden sollen.<\/p>\n\n\n\n<p>F\u00fcr wichtige Kaufteile binden wir in dieser Phase <strong>Lieferanten<\/strong> ein. Hierzu erarbeiten wir mit der Technik zusammen <strong>herstellerneutrale Lastenhefte<\/strong>, die wir dann f\u00fcr Ausschreibungen am Markt nutzen. Erst wenn ein breiter Angebotsvergleich vorliegt, f\u00e4llt die Entscheidung f\u00fcr den Lieferanten. Somit ist gesichert, dass sie f\u00fcr die Maschine die wirtschaftlichste L\u00f6sung einsetzen.<\/p>\n\n\n\n<p>Am Ende der Phase steht ein Pflichtenheft, in dem die technischen Daten und Konzepte f\u00fcr Ihre Maschine verabschiedet werden.<\/p>\n\n<\/div><\/div>\n\n<div class=\"gb-container gb-container-81b94c84 shadow animated fadeInUp fast\"><div class=\"gb-inside-container\">\n\n<h2 class=\"gb-headline gb-headline-855329b4 gb-headline-text\" id=\"detaillierungsphase\">Detailing phase<\/h2>\n\n\n\n<p>Wo stehen wir mit den Herstellkosten? Wir werden die Bauteile gefertigt? Welche Komponenten kaufen wir zu und was machen wir selbst? Wie wird die Maschine montiert?<\/p>\n\n\n\n<p>Dies sind die typischen Fragen, die in der Detaillierungsphase beantwortet werden. Wir f\u00fchren in dieser Phase den <strong>Design-to-Cost<\/strong>-Ansatz und auch die <strong>Methode Kostennavigator<\/strong> weiter, da bislang noch keine bewerteten St\u00fccklisten in den ERP-Systemen vorliegen. Im Kostennavigator werden die Kosten je Bauteil immer konkreter. Ihre Konstrukteure sch\u00e4tzen und kalkulieren auf Basis des aktuellen Zeichnungsstands, Ihr Einkauf fragt die Bauteile an und verhandelt die Preise, Ihre Arbeitsvorbereitung kalkuliert die Zeiten in Fertigung und Montage. Somit ist stets transparent, wo die Herstellkosten der Maschine liegen werden.<\/p>\n\n\n\n<p>Wir unterst\u00fctzen Ihr Entwicklungsteam bei der Detailkonstruktion beim <strong>fertigungs- und montagegerechten Design<\/strong>. Dabei hinterfragen wir die Halbzeugkonzepte und passen das Design an die Fertigungsverfahren an. Auch die hinterlegten Fertigungstoleranzen und Oberfl\u00e4chenanforderungen werden hinterfragt und optimiert.<\/p>\n\n\n\n<p>Zudem arbeiten wir mit Ihrem <strong>Einkauf<\/strong> an der Identifikation neuer Lieferanten, der Ausschreibung der Bauteile, den Angebotsvergleichen und den Preisverhandlungen. Grundlage dazu sind <strong>Best-Case Cost Calculations<\/strong> f\u00fcr die Bauteile als Benchmark \u2013 wir kalkulieren wie Ihre Lieferanten und wissen dadurch, welche Preise am Markt realistisch sind.<\/p>\n\n\n\n<p><\/p>\n\n\n\n<p>Parallel erarbeiten wir f\u00fcr die Bauteile und die Gesamtmaschine <strong>Fertigungs- und Montagekonzepte<\/strong>. Ausgehend vom ersten Konzept konkretisieren wir die Ans\u00e4tze bis zur Umsetzung. &nbsp;Dabei unterst\u00fctzen wir Sie bis zu Investitionsantr\u00e4gen und Wirtschaftlichkeitsrechnungen sowie dem Hochlauf von neuen Anlagen und Montagesystemen.<\/p>\n\n<\/div><\/div>\n\n<div class=\"gb-container gb-container-15e4193d shadow animated fadeInUp fast\"><div class=\"gb-inside-container\">\n\n<h2 class=\"gb-headline gb-headline-2fe1f4b5 gb-headline-text\" id=\"prototyp\">Prototype and series start-up<\/h2>\n\n\n\n<p>Welche \u00c4nderungen ergeben sich aus der Prototypenfertigung? Welche Optimierungen sind f\u00fcr einen reibungslosen Produktionsablauf erforderlich? Welche Daten m\u00fcssen noch in den ERP-Systemen gepflegt werden? Werden die Zielkosten auch tats\u00e4chlich erreicht? Wie kann die Lieferzeit weiter optimiert werden?<\/p>\n\n\n\n<p>Wir koordinieren das <strong>\u00c4nderungsmanagement<\/strong> und verfolgen die Aktivit\u00e4ten in allen Bereichen \u2013 sowohl in der Konstruktion als auch in Einkauf, Fertigung und Montage. Dabei f\u00fchren wir ein konsequentes <strong>Kostenmonitoring<\/strong> durch, so dass keine zus\u00e4tzlichen Kostentreiber installiert werden.<\/p>\n\n\n\n<p>Zudem unterst\u00fctzen wir Ihre <strong>Fertigung und Montage<\/strong> bei den erforderlichen <strong>Detailanpassungen<\/strong> der Fertigungs- und Montagekonzepte hinsichtlich Fertigungsdurchlauf, Prozesse, Werkzeuge, Hilfsmittel etc.<\/p>\n\n\n\n<p>Wir haben auch die <strong>Lieferzeiten<\/strong> von Maschinen und Anlagen im Fokus und f\u00fchren dazu Optimierungen durch, zum Beispiel durch Anpassung der Dispositions-Parameter oder der Definition von Vormontagebaugruppen auf Lager.<\/p>\n\n<\/div><\/div>","protected":false},"excerpt":{"rendered":"<p>Produktentwicklung Von der ersten Produktidee bis zum Serienanlauf unterst\u00fctzen wir Sie, Ihre Ziele in der Produktentwicklung zu erreichen. Verschaffen Sie sich einen \u00dcberblick \u00fcber unseren Methodenbaukasten. Einzelne Methoden des Baukastens k\u00f6nnen unabh\u00e4ngig voneinander genutzt werden. So erarbeiten wir zum Beispiel neben produktspezifischen auch baureihen\u00fcbergreifende Fertigungs- und Montagekonzepte. Haben Sie Fragen dazu? Dann sprechen Sie uns &#8230; <a title=\"Product development\" class=\"read-more\" href=\"https:\/\/prowerk-consulting.de\/en\/produktentwicklung\/\" aria-label=\"Read more about Produktentwicklung\">Read more<\/a><\/p>","protected":false},"author":1,"featured_media":0,"parent":0,"menu_order":0,"comment_status":"closed","ping_status":"closed","template":"","meta":{"footnotes":""},"class_list":["post-18","page","type-page","status-publish"],"yoast_head":"<!-- This site is optimized with the Yoast SEO plugin v27.3 - https:\/\/yoast.com\/product\/yoast-seo-wordpress\/ -->\n<title>Produktentwicklung - PROWERK Consulting GmbH<\/title>\n<meta name=\"description\" content=\"Produktentwicklung von der Idee bis zum Serienanlauf \u2013 wir unterst\u00fctzen Sie mit einem umfassenden Methodenbaukasten zur Erreichung Ihrer Ziele.\" \/>\n<meta name=\"robots\" content=\"index, follow, max-snippet:-1, max-image-preview:large, max-video-preview:-1\" \/>\n<link rel=\"canonical\" href=\"https:\/\/prowerk-consulting.de\/en\/produktentwicklung\/\" \/>\n<meta property=\"og:locale\" content=\"en_GB\" \/>\n<meta property=\"og:type\" content=\"article\" \/>\n<meta property=\"og:title\" content=\"Produktentwicklung - PROWERK Consulting GmbH\" \/>\n<meta property=\"og:description\" content=\"Produktentwicklung von der Idee bis zum Serienanlauf \u2013 wir unterst\u00fctzen Sie mit einem umfassenden Methodenbaukasten zur Erreichung Ihrer Ziele.\" \/>\n<meta property=\"og:url\" content=\"https:\/\/prowerk-consulting.de\/en\/produktentwicklung\/\" \/>\n<meta property=\"og:site_name\" content=\"PROWERK Consulting GmbH\" \/>\n<meta property=\"article:modified_time\" content=\"2025-09-21T18:12:42+00:00\" \/>\n<meta property=\"og:image\" content=\"https:\/\/prowerk-consulting.de\/wp-content\/uploads\/2022\/07\/icon-marktanalyse.png\" \/>\n<meta name=\"twitter:card\" content=\"summary_large_image\" \/>\n<meta name=\"twitter:label1\" content=\"Estimated reading time\" \/>\n\t<meta name=\"twitter:data1\" content=\"7 minutes\" \/>\n<script type=\"application\/ld+json\" class=\"yoast-schema-graph\">{\"@context\":\"https:\\\/\\\/schema.org\",\"@graph\":[{\"@type\":\"WebPage\",\"@id\":\"https:\\\/\\\/prowerk-consulting.de\\\/produktentwicklung\\\/\",\"url\":\"https:\\\/\\\/prowerk-consulting.de\\\/produktentwicklung\\\/\",\"name\":\"Produktentwicklung - PROWERK Consulting GmbH\",\"isPartOf\":{\"@id\":\"https:\\\/\\\/prowerk-consulting.de\\\/#website\"},\"primaryImageOfPage\":{\"@id\":\"https:\\\/\\\/prowerk-consulting.de\\\/produktentwicklung\\\/#primaryimage\"},\"image\":{\"@id\":\"https:\\\/\\\/prowerk-consulting.de\\\/produktentwicklung\\\/#primaryimage\"},\"thumbnailUrl\":\"https:\\\/\\\/prowerk-consulting.de\\\/wp-content\\\/uploads\\\/2022\\\/07\\\/icon-marktanalyse.png\",\"datePublished\":\"2022-07-18T15:45:43+00:00\",\"dateModified\":\"2025-09-21T18:12:42+00:00\",\"description\":\"Produktentwicklung von der Idee bis zum Serienanlauf \u2013 wir unterst\u00fctzen Sie mit einem umfassenden Methodenbaukasten zur Erreichung Ihrer Ziele.\",\"breadcrumb\":{\"@id\":\"https:\\\/\\\/prowerk-consulting.de\\\/produktentwicklung\\\/#breadcrumb\"},\"inLanguage\":\"en-GB\",\"potentialAction\":[{\"@type\":\"ReadAction\",\"target\":[\"https:\\\/\\\/prowerk-consulting.de\\\/produktentwicklung\\\/\"]}]},{\"@type\":\"ImageObject\",\"inLanguage\":\"en-GB\",\"@id\":\"https:\\\/\\\/prowerk-consulting.de\\\/produktentwicklung\\\/#primaryimage\",\"url\":\"https:\\\/\\\/prowerk-consulting.de\\\/wp-content\\\/uploads\\\/2022\\\/07\\\/icon-marktanalyse.png\",\"contentUrl\":\"https:\\\/\\\/prowerk-consulting.de\\\/wp-content\\\/uploads\\\/2022\\\/07\\\/icon-marktanalyse.png\"},{\"@type\":\"BreadcrumbList\",\"@id\":\"https:\\\/\\\/prowerk-consulting.de\\\/produktentwicklung\\\/#breadcrumb\",\"itemListElement\":[{\"@type\":\"ListItem\",\"position\":1,\"name\":\"Home\",\"item\":\"https:\\\/\\\/prowerk-consulting.de\\\/\"},{\"@type\":\"ListItem\",\"position\":2,\"name\":\"Produktentwicklung\"}]},{\"@type\":\"WebSite\",\"@id\":\"https:\\\/\\\/prowerk-consulting.de\\\/#website\",\"url\":\"https:\\\/\\\/prowerk-consulting.de\\\/\",\"name\":\"PROWERK Consulting GmbH\",\"description\":\"Creating Competitive Products\",\"publisher\":{\"@id\":\"https:\\\/\\\/prowerk-consulting.de\\\/#organization\"},\"potentialAction\":[{\"@type\":\"SearchAction\",\"target\":{\"@type\":\"EntryPoint\",\"urlTemplate\":\"https:\\\/\\\/prowerk-consulting.de\\\/?s={search_term_string}\"},\"query-input\":{\"@type\":\"PropertyValueSpecification\",\"valueRequired\":true,\"valueName\":\"search_term_string\"}}],\"inLanguage\":\"en-GB\"},{\"@type\":\"Organization\",\"@id\":\"https:\\\/\\\/prowerk-consulting.de\\\/#organization\",\"name\":\"PROWERK Consulting GmbH\",\"url\":\"https:\\\/\\\/prowerk-consulting.de\\\/\",\"logo\":{\"@type\":\"ImageObject\",\"inLanguage\":\"en-GB\",\"@id\":\"https:\\\/\\\/prowerk-consulting.de\\\/#\\\/schema\\\/logo\\\/image\\\/\",\"url\":\"https:\\\/\\\/prowerk-consulting.de\\\/wp-content\\\/uploads\\\/2022\\\/07\\\/Logo-Prowerk.png\",\"contentUrl\":\"https:\\\/\\\/prowerk-consulting.de\\\/wp-content\\\/uploads\\\/2022\\\/07\\\/Logo-Prowerk.png\",\"width\":852,\"height\":240,\"caption\":\"PROWERK Consulting GmbH\"},\"image\":{\"@id\":\"https:\\\/\\\/prowerk-consulting.de\\\/#\\\/schema\\\/logo\\\/image\\\/\"},\"sameAs\":[\"https:\\\/\\\/www.linkedin.com\\\/company\\\/prowerk-consulting-gmbh\"]}]}<\/script>\n<!-- \/ Yoast SEO plugin. -->","yoast_head_json":{"title":"Produktentwicklung - PROWERK Consulting GmbH","description":"Produktentwicklung von der Idee bis zum Serienanlauf \u2013 wir unterst\u00fctzen Sie mit einem umfassenden Methodenbaukasten zur Erreichung Ihrer Ziele.","robots":{"index":"index","follow":"follow","max-snippet":"max-snippet:-1","max-image-preview":"max-image-preview:large","max-video-preview":"max-video-preview:-1"},"canonical":"https:\/\/prowerk-consulting.de\/en\/produktentwicklung\/","og_locale":"en_GB","og_type":"article","og_title":"Produktentwicklung - PROWERK Consulting GmbH","og_description":"Produktentwicklung von der Idee bis zum Serienanlauf \u2013 wir unterst\u00fctzen Sie mit einem umfassenden Methodenbaukasten zur Erreichung Ihrer Ziele.","og_url":"https:\/\/prowerk-consulting.de\/en\/produktentwicklung\/","og_site_name":"PROWERK Consulting GmbH","article_modified_time":"2025-09-21T18:12:42+00:00","og_image":[{"url":"https:\/\/prowerk-consulting.de\/wp-content\/uploads\/2022\/07\/icon-marktanalyse.png","type":"","width":"","height":""}],"twitter_card":"summary_large_image","twitter_misc":{"Estimated reading time":"7 minutes"},"schema":{"@context":"https:\/\/schema.org","@graph":[{"@type":"WebPage","@id":"https:\/\/prowerk-consulting.de\/produktentwicklung\/","url":"https:\/\/prowerk-consulting.de\/produktentwicklung\/","name":"Produktentwicklung - PROWERK Consulting GmbH","isPartOf":{"@id":"https:\/\/prowerk-consulting.de\/#website"},"primaryImageOfPage":{"@id":"https:\/\/prowerk-consulting.de\/produktentwicklung\/#primaryimage"},"image":{"@id":"https:\/\/prowerk-consulting.de\/produktentwicklung\/#primaryimage"},"thumbnailUrl":"https:\/\/prowerk-consulting.de\/wp-content\/uploads\/2022\/07\/icon-marktanalyse.png","datePublished":"2022-07-18T15:45:43+00:00","dateModified":"2025-09-21T18:12:42+00:00","description":"Produktentwicklung von der Idee bis zum Serienanlauf \u2013 wir unterst\u00fctzen Sie mit einem umfassenden Methodenbaukasten zur Erreichung Ihrer Ziele.","breadcrumb":{"@id":"https:\/\/prowerk-consulting.de\/produktentwicklung\/#breadcrumb"},"inLanguage":"en-GB","potentialAction":[{"@type":"ReadAction","target":["https:\/\/prowerk-consulting.de\/produktentwicklung\/"]}]},{"@type":"ImageObject","inLanguage":"en-GB","@id":"https:\/\/prowerk-consulting.de\/produktentwicklung\/#primaryimage","url":"https:\/\/prowerk-consulting.de\/wp-content\/uploads\/2022\/07\/icon-marktanalyse.png","contentUrl":"https:\/\/prowerk-consulting.de\/wp-content\/uploads\/2022\/07\/icon-marktanalyse.png"},{"@type":"BreadcrumbList","@id":"https:\/\/prowerk-consulting.de\/produktentwicklung\/#breadcrumb","itemListElement":[{"@type":"ListItem","position":1,"name":"Home","item":"https:\/\/prowerk-consulting.de\/"},{"@type":"ListItem","position":2,"name":"Produktentwicklung"}]},{"@type":"WebSite","@id":"https:\/\/prowerk-consulting.de\/#website","url":"https:\/\/prowerk-consulting.de\/","name":"PROWERK Consulting GmbH","description":"Creating Competitive Products","publisher":{"@id":"https:\/\/prowerk-consulting.de\/#organization"},"potentialAction":[{"@type":"SearchAction","target":{"@type":"EntryPoint","urlTemplate":"https:\/\/prowerk-consulting.de\/?s={search_term_string}"},"query-input":{"@type":"PropertyValueSpecification","valueRequired":true,"valueName":"search_term_string"}}],"inLanguage":"en-GB"},{"@type":"Organization","@id":"https:\/\/prowerk-consulting.de\/#organization","name":"PROWERK Consulting GmbH","url":"https:\/\/prowerk-consulting.de\/","logo":{"@type":"ImageObject","inLanguage":"en-GB","@id":"https:\/\/prowerk-consulting.de\/#\/schema\/logo\/image\/","url":"https:\/\/prowerk-consulting.de\/wp-content\/uploads\/2022\/07\/Logo-Prowerk.png","contentUrl":"https:\/\/prowerk-consulting.de\/wp-content\/uploads\/2022\/07\/Logo-Prowerk.png","width":852,"height":240,"caption":"PROWERK Consulting GmbH"},"image":{"@id":"https:\/\/prowerk-consulting.de\/#\/schema\/logo\/image\/"},"sameAs":["https:\/\/www.linkedin.com\/company\/prowerk-consulting-gmbh"]}]}},"_links":{"self":[{"href":"https:\/\/prowerk-consulting.de\/en\/wp-json\/wp\/v2\/pages\/18","targetHints":{"allow":["GET"]}}],"collection":[{"href":"https:\/\/prowerk-consulting.de\/en\/wp-json\/wp\/v2\/pages"}],"about":[{"href":"https:\/\/prowerk-consulting.de\/en\/wp-json\/wp\/v2\/types\/page"}],"author":[{"embeddable":true,"href":"https:\/\/prowerk-consulting.de\/en\/wp-json\/wp\/v2\/users\/1"}],"replies":[{"embeddable":true,"href":"https:\/\/prowerk-consulting.de\/en\/wp-json\/wp\/v2\/comments?post=18"}],"version-history":[{"count":51,"href":"https:\/\/prowerk-consulting.de\/en\/wp-json\/wp\/v2\/pages\/18\/revisions"}],"predecessor-version":[{"id":741,"href":"https:\/\/prowerk-consulting.de\/en\/wp-json\/wp\/v2\/pages\/18\/revisions\/741"}],"wp:attachment":[{"href":"https:\/\/prowerk-consulting.de\/en\/wp-json\/wp\/v2\/media?parent=18"}],"curies":[{"name":"wp","href":"https:\/\/api.w.org\/{rel}","templated":true}]}}