{"id":2,"date":"2022-06-15T12:34:27","date_gmt":"2022-06-15T10:34:27","guid":{"rendered":"http:\/\/dev.surma\/?page_id=2"},"modified":"2025-09-30T20:58:17","modified_gmt":"2025-09-30T18:58:17","slug":"beispiel-seite","status":"publish","type":"page","link":"https:\/\/prowerk-consulting.de\/en\/","title":{"rendered":"Start"},"content":{"rendered":"<div class=\"gb-container gb-container-65be3e03 shadow animated fadeInUp fast alignwide\"><div class=\"gb-inside-container\">\n\n<h1 class=\"gb-headline gb-headline-64fe96b8 gb-headline-text\">Creating Competitive Products<\/h1>\n\n\n\n<p class=\"gb-headline gb-headline-dbb466a3 gb-headline-text\">That is our motto for the success of your company. We strengthen the competitiveness of your products. In doing so, we have specialised in machine and plant construction as well as in the components of machines and plants. Our goal is to develop machines and plants with you that meet the requirements of your customers and the market price level.<\/p>\n\n<\/div><\/div>\n\n<div class=\"gb-container gb-container-595d60e7 alignfull\"><div class=\"gb-inside-container\">\n\n<div style=\"height:150px\" aria-hidden=\"true\" class=\"wp-block-spacer\"><\/div>\n\n\n<div class=\"gb-grid-wrapper gb-grid-wrapper-d747e9df\">\n<div class=\"gb-grid-column gb-grid-column-641a082d\"><div class=\"gb-container gb-container-641a082d teaser\"><div class=\"gb-inside-container\">\n\n<figure class=\"gb-block-image gb-block-image-fabe91b3\"><img loading=\"lazy\" decoding=\"async\" width=\"180\" height=\"180\" class=\"gb-image gb-image-fabe91b3 animated fadeInUp delay-100ms fast\" src=\"http:\/\/prowerk-consulting.de\/wp-content\/uploads\/2022\/07\/icon-produktentwicklung-1.png\" alt=\"\" title=\"icon-produktentwicklung-1\" srcset=\"https:\/\/prowerk-consulting.de\/wp-content\/uploads\/2022\/07\/icon-produktentwicklung-1.png 180w, https:\/\/prowerk-consulting.de\/wp-content\/uploads\/2022\/07\/icon-produktentwicklung-1-150x150.png 150w\" sizes=\"auto, (max-width: 180px) 100vw, 180px\" \/><\/figure>\n\n\n\n<h3 class=\"gb-headline gb-headline-57da5454 gb-headline-text\">Product development<\/h3>\n\n\n\n<p class=\"gb-headline gb-headline-3cd79ed1 gb-headline-text\">From the initial product idea to the start of production, we support you in achieving your product development goals. <\/p>\n\n\n<div class=\"gb-button-wrapper gb-button-wrapper-0151c6f1\">\n\n<a class=\"gb-button gb-button-b3370e1a gb-button-text\" href=\"\/produktkostenoptimierung\/\">learn more<\/a>\n\n<\/div>\n<\/div><\/div><\/div>\n\n<div class=\"gb-grid-column gb-grid-column-2dc8ca43\"><div class=\"gb-container gb-container-2dc8ca43 teaser\"><div class=\"gb-inside-container\">\n\n<figure class=\"gb-block-image gb-block-image-2b7a55e4\"><img loading=\"lazy\" decoding=\"async\" width=\"180\" height=\"180\" class=\"gb-image gb-image-2b7a55e4 animated fadeInUp delay-100ms fast\" src=\"https:\/\/prowerk-consulting.de\/wp-content\/uploads\/2022\/07\/icon-produktions-1.png\" srcset=\"https:\/\/prowerk-consulting.de\/wp-content\/uploads\/2022\/07\/icon-produktions-1.png 180w, https:\/\/prowerk-consulting.de\/wp-content\/uploads\/2022\/07\/icon-produktions-1-150x150.png 150w\" sizes=\"auto, (max-width: 180px) 100vw, 180px\" \/><\/figure>\n\n\n\n<h3 class=\"gb-headline gb-headline-c9e124bd gb-headline-text\">Product cost optimization  <\/h3>\n\n\n\n<p class=\"gb-headline gb-headline-3c4a30cc gb-headline-text\">You have an existing product where manufacturing costs are too high? We support you in identifying the most efficient measures.<\/p>\n\n\n<div class=\"gb-button-wrapper gb-button-wrapper-09803b98\">\n\n<a class=\"gb-button gb-button-7fd7f616 gb-button-text\" href=\"\/produktkostenoptimierung\/\">learn more<\/a>\n\n<\/div>\n<\/div><\/div><\/div>\n\n<div class=\"gb-grid-column gb-grid-column-c0efe3d2\"><div class=\"gb-container gb-container-c0efe3d2 teaser\"><div class=\"gb-inside-container\">\n\n<figure class=\"gb-block-image gb-block-image-c328c930\"><img loading=\"lazy\" decoding=\"async\" width=\"180\" height=\"180\" class=\"gb-image gb-image-c328c930 animated fadeInUp fast delay-200ms\" src=\"https:\/\/prowerk-consulting.de\/wp-content\/uploads\/2022\/07\/icon-materialkosten.png\" srcset=\"https:\/\/prowerk-consulting.de\/wp-content\/uploads\/2022\/07\/icon-materialkosten.png 180w, https:\/\/prowerk-consulting.de\/wp-content\/uploads\/2022\/07\/icon-materialkosten-150x150.png 150w\" sizes=\"auto, (max-width: 180px) 100vw, 180px\" \/><\/figure>\n\n\n\n<h3 class=\"gb-headline gb-headline-4f594e18 gb-headline-text\">Material Cost Reduction<\/h3>\n\n\n\n<p class=\"gb-headline gb-headline-ccd13eb1 gb-headline-text\">Do you want to sustainably reduce material costs across the entire spectrum, independent of individual machines and systems?<\/p>\n\n\n<div class=\"gb-button-wrapper gb-button-wrapper-037ace4f\">\n\n<a class=\"gb-button gb-button-e21bdf5b gb-button-text\" href=\"\/materialkostensenkung\/\">learn more<\/a>\n\n<\/div>\n<\/div><\/div><\/div>\n\n<div class=\"gb-grid-column gb-grid-column-865246e6\"><div class=\"gb-container gb-container-865246e6 teaser\"><div class=\"gb-inside-container\">\n\n<figure class=\"gb-block-image gb-block-image-1f1591c2\"><img loading=\"lazy\" decoding=\"async\" width=\"180\" height=\"180\" class=\"gb-image gb-image-1f1591c2 animated fadeInUp delay-500ms fast\" src=\"http:\/\/prowerk-consulting.de\/wp-content\/uploads\/2023\/08\/icon-co2.png\" alt=\"icon-co2\" title=\"icon-co2\" srcset=\"https:\/\/prowerk-consulting.de\/wp-content\/uploads\/2023\/08\/icon-co2.png 180w, https:\/\/prowerk-consulting.de\/wp-content\/uploads\/2023\/08\/icon-co2-150x150.png 150w, https:\/\/prowerk-consulting.de\/wp-content\/uploads\/2023\/08\/icon-co2-12x12.png 12w\" sizes=\"auto, (max-width: 180px) 100vw, 180px\" \/><\/figure>\n\n\n\n<h3 class=\"gb-headline gb-headline-c6d7e0d3 gb-headline-text translation-block\"><a href=\"https:\/\/prowerk-consulting.de\/en\/co2-fussabdruck\/\" aria-current=\"page\" target=\"_self\">CO<sub>2<\/sub> Footprint<\/a><\/h3>\n\n\n\n<p class=\"gb-headline gb-headline-23c41727 gb-headline-text translation-block\">You want to determine and optimize the carbon footprint of your products (PCF)?<\/p>\n\n\n<div class=\"gb-button-wrapper gb-button-wrapper-dce1d174\">\n\n<a class=\"gb-button gb-button-934aaf5d gb-button-text\" href=\"\/co2-fussabdruck\/\">learn more<\/a>\n\n<\/div>\n<\/div><\/div><\/div>\n\n<div class=\"gb-grid-column gb-grid-column-e52d2e4e\"><div class=\"gb-container gb-container-e52d2e4e teaser\"><div class=\"gb-inside-container\">\n\n<figure class=\"gb-block-image gb-block-image-8d2b8647\"><img loading=\"lazy\" decoding=\"async\" width=\"180\" height=\"180\" class=\"gb-image gb-image-8d2b8647 animated fadeInUp delay-500ms fast\" src=\"https:\/\/prowerk-consulting.de\/wp-content\/uploads\/2022\/07\/icon-schulungen-1.png\" alt=\"\" title=\"icon-schulungen-1\" srcset=\"https:\/\/prowerk-consulting.de\/wp-content\/uploads\/2022\/07\/icon-schulungen-1.png 180w, https:\/\/prowerk-consulting.de\/wp-content\/uploads\/2022\/07\/icon-schulungen-1-150x150.png 150w\" sizes=\"auto, (max-width: 180px) 100vw, 180px\" \/><\/figure>\n\n\n\n<h3 class=\"gb-headline gb-headline-10517b6e gb-headline-text\">Trainings<\/h3>\n\n\n\n<p class=\"gb-headline gb-headline-7991c842 gb-headline-text\">We also offer in-house training at your premises for our main areas of work.<\/p>\n\n\n<div class=\"gb-button-wrapper gb-button-wrapper-309d361e\">\n\n<a class=\"gb-button gb-button-b0f1eeeb gb-button-text\" href=\"\/schulungen\/\">learn more<\/a>\n\n<\/div>\n<\/div><\/div><\/div>\n<\/div>\n<\/div><\/div>\n\n<div class=\"gb-container gb-container-4c9c2dd5 alignfull\"><div class=\"gb-inside-container\"><\/div><\/div>\n\n\n<p><\/p>\n\n\n\n<p><\/p>","protected":false},"excerpt":{"rendered":"<p>Creating Competitive Products Das ist unser Motto f\u00fcr den Erfolg Ihres Unternehmens. Wir st\u00e4rken die Wettbewerbsf\u00e4higkeit Ihrer Produkte. Dabei haben wir uns auf den Maschinen- und Anlagenbau sowie auf die Komponenten von Maschinen und Anlagen spezialisiert. Unser Ziel ist, mit Ihnen Maschinen und Anlagen zu entwickeln, die die Anforderungen Ihrer Kunden und das Marktpreisniveau treffen.<\/p>","protected":false},"author":1,"featured_media":0,"parent":0,"menu_order":0,"comment_status":"closed","ping_status":"open","template":"","meta":{"footnotes":""},"class_list":["post-2","page","type-page","status-publish"],"yoast_head":"<!-- This site is optimized with the Yoast SEO plugin v27.5 - https:\/\/yoast.com\/product\/yoast-seo-wordpress\/ -->\n<title>Startseite - PROWERK Consulting GmbH<\/title>\n<meta name=\"robots\" content=\"index, follow, max-snippet:-1, max-image-preview:large, max-video-preview:-1\" \/>\n<link rel=\"canonical\" href=\"https:\/\/prowerk-consulting.de\/en\/\" \/>\n<meta property=\"og:locale\" content=\"en_GB\" \/>\n<meta property=\"og:type\" content=\"article\" \/>\n<meta property=\"og:title\" content=\"Startseite - PROWERK Consulting GmbH\" \/>\n<meta property=\"og:description\" content=\"Creating Competitive Products Das ist unser Motto f\u00fcr den Erfolg Ihres Unternehmens. Wir st\u00e4rken die Wettbewerbsf\u00e4higkeit Ihrer Produkte. Dabei haben wir uns auf den Maschinen- und Anlagenbau sowie auf die Komponenten von Maschinen und Anlagen spezialisiert. Unser Ziel ist, mit Ihnen Maschinen und Anlagen zu entwickeln, die die Anforderungen Ihrer Kunden und das Marktpreisniveau treffen.\" \/>\n<meta property=\"og:url\" content=\"https:\/\/prowerk-consulting.de\/en\/\" \/>\n<meta property=\"og:site_name\" content=\"PROWERK Consulting GmbH\" \/>\n<meta property=\"article:modified_time\" content=\"2025-09-30T18:58:17+00:00\" \/>\n<meta property=\"og:image\" content=\"http:\/\/prowerk-consulting.de\/wp-content\/uploads\/2022\/07\/icon-produktentwicklung-1.png\" \/>\n<meta name=\"twitter:card\" content=\"summary_large_image\" \/>\n<meta name=\"twitter:label1\" content=\"Estimated reading time\" \/>\n\t<meta name=\"twitter:data1\" content=\"2 minutes\" \/>\n<script type=\"application\/ld+json\" class=\"yoast-schema-graph\">{\"@context\":\"https:\\\/\\\/schema.org\",\"@graph\":[{\"@type\":\"WebPage\",\"@id\":\"https:\\\/\\\/prowerk-consulting.de\\\/\",\"url\":\"https:\\\/\\\/prowerk-consulting.de\\\/\",\"name\":\"Startseite - PROWERK Consulting GmbH\",\"isPartOf\":{\"@id\":\"https:\\\/\\\/prowerk-consulting.de\\\/#website\"},\"primaryImageOfPage\":{\"@id\":\"https:\\\/\\\/prowerk-consulting.de\\\/#primaryimage\"},\"image\":{\"@id\":\"https:\\\/\\\/prowerk-consulting.de\\\/#primaryimage\"},\"thumbnailUrl\":\"http:\\\/\\\/prowerk-consulting.de\\\/wp-content\\\/uploads\\\/2022\\\/07\\\/icon-produktentwicklung-1.png\",\"datePublished\":\"2022-06-15T10:34:27+00:00\",\"dateModified\":\"2025-09-30T18:58:17+00:00\",\"breadcrumb\":{\"@id\":\"https:\\\/\\\/prowerk-consulting.de\\\/#breadcrumb\"},\"inLanguage\":\"en-GB\",\"potentialAction\":[{\"@type\":\"ReadAction\",\"target\":[\"https:\\\/\\\/prowerk-consulting.de\\\/\"]}]},{\"@type\":\"ImageObject\",\"inLanguage\":\"en-GB\",\"@id\":\"https:\\\/\\\/prowerk-consulting.de\\\/#primaryimage\",\"url\":\"http:\\\/\\\/prowerk-consulting.de\\\/wp-content\\\/uploads\\\/2022\\\/07\\\/icon-produktentwicklung-1.png\",\"contentUrl\":\"http:\\\/\\\/prowerk-consulting.de\\\/wp-content\\\/uploads\\\/2022\\\/07\\\/icon-produktentwicklung-1.png\"},{\"@type\":\"BreadcrumbList\",\"@id\":\"https:\\\/\\\/prowerk-consulting.de\\\/#breadcrumb\",\"itemListElement\":[{\"@type\":\"ListItem\",\"position\":1,\"name\":\"Home\",\"item\":\"https:\\\/\\\/prowerk-consulting.de\\\/\"},{\"@type\":\"ListItem\",\"position\":2,\"name\":\"Startseite\"}]},{\"@type\":\"WebSite\",\"@id\":\"https:\\\/\\\/prowerk-consulting.de\\\/#website\",\"url\":\"https:\\\/\\\/prowerk-consulting.de\\\/\",\"name\":\"PROWERK Consulting GmbH\",\"description\":\"Creating Competitive Products\",\"publisher\":{\"@id\":\"https:\\\/\\\/prowerk-consulting.de\\\/#organization\"},\"potentialAction\":[{\"@type\":\"SearchAction\",\"target\":{\"@type\":\"EntryPoint\",\"urlTemplate\":\"https:\\\/\\\/prowerk-consulting.de\\\/?s={search_term_string}\"},\"query-input\":{\"@type\":\"PropertyValueSpecification\",\"valueRequired\":true,\"valueName\":\"search_term_string\"}}],\"inLanguage\":\"en-GB\"},{\"@type\":\"Organization\",\"@id\":\"https:\\\/\\\/prowerk-consulting.de\\\/#organization\",\"name\":\"PROWERK Consulting GmbH\",\"url\":\"https:\\\/\\\/prowerk-consulting.de\\\/\",\"logo\":{\"@type\":\"ImageObject\",\"inLanguage\":\"en-GB\",\"@id\":\"https:\\\/\\\/prowerk-consulting.de\\\/#\\\/schema\\\/logo\\\/image\\\/\",\"url\":\"https:\\\/\\\/prowerk-consulting.de\\\/wp-content\\\/uploads\\\/2022\\\/07\\\/Logo-Prowerk.png\",\"contentUrl\":\"https:\\\/\\\/prowerk-consulting.de\\\/wp-content\\\/uploads\\\/2022\\\/07\\\/Logo-Prowerk.png\",\"width\":852,\"height\":240,\"caption\":\"PROWERK Consulting GmbH\"},\"image\":{\"@id\":\"https:\\\/\\\/prowerk-consulting.de\\\/#\\\/schema\\\/logo\\\/image\\\/\"},\"sameAs\":[\"https:\\\/\\\/www.linkedin.com\\\/company\\\/prowerk-consulting-gmbh\"]}]}<\/script>\n<!-- \/ Yoast SEO plugin. -->","yoast_head_json":{"title":"Startseite - PROWERK Consulting GmbH","robots":{"index":"index","follow":"follow","max-snippet":"max-snippet:-1","max-image-preview":"max-image-preview:large","max-video-preview":"max-video-preview:-1"},"canonical":"https:\/\/prowerk-consulting.de\/en\/","og_locale":"en_GB","og_type":"article","og_title":"Startseite - PROWERK Consulting GmbH","og_description":"Creating Competitive Products Das ist unser Motto f\u00fcr den Erfolg Ihres Unternehmens. Wir st\u00e4rken die Wettbewerbsf\u00e4higkeit Ihrer Produkte. Dabei haben wir uns auf den Maschinen- und Anlagenbau sowie auf die Komponenten von Maschinen und Anlagen spezialisiert. Unser Ziel ist, mit Ihnen Maschinen und Anlagen zu entwickeln, die die Anforderungen Ihrer Kunden und das Marktpreisniveau treffen.","og_url":"https:\/\/prowerk-consulting.de\/en\/","og_site_name":"PROWERK Consulting GmbH","article_modified_time":"2025-09-30T18:58:17+00:00","og_image":[{"url":"http:\/\/prowerk-consulting.de\/wp-content\/uploads\/2022\/07\/icon-produktentwicklung-1.png","type":"","width":"","height":""}],"twitter_card":"summary_large_image","twitter_misc":{"Estimated reading time":"2 minutes"},"schema":{"@context":"https:\/\/schema.org","@graph":[{"@type":"WebPage","@id":"https:\/\/prowerk-consulting.de\/","url":"https:\/\/prowerk-consulting.de\/","name":"Startseite - PROWERK Consulting GmbH","isPartOf":{"@id":"https:\/\/prowerk-consulting.de\/#website"},"primaryImageOfPage":{"@id":"https:\/\/prowerk-consulting.de\/#primaryimage"},"image":{"@id":"https:\/\/prowerk-consulting.de\/#primaryimage"},"thumbnailUrl":"http:\/\/prowerk-consulting.de\/wp-content\/uploads\/2022\/07\/icon-produktentwicklung-1.png","datePublished":"2022-06-15T10:34:27+00:00","dateModified":"2025-09-30T18:58:17+00:00","breadcrumb":{"@id":"https:\/\/prowerk-consulting.de\/#breadcrumb"},"inLanguage":"en-GB","potentialAction":[{"@type":"ReadAction","target":["https:\/\/prowerk-consulting.de\/"]}]},{"@type":"ImageObject","inLanguage":"en-GB","@id":"https:\/\/prowerk-consulting.de\/#primaryimage","url":"http:\/\/prowerk-consulting.de\/wp-content\/uploads\/2022\/07\/icon-produktentwicklung-1.png","contentUrl":"http:\/\/prowerk-consulting.de\/wp-content\/uploads\/2022\/07\/icon-produktentwicklung-1.png"},{"@type":"BreadcrumbList","@id":"https:\/\/prowerk-consulting.de\/#breadcrumb","itemListElement":[{"@type":"ListItem","position":1,"name":"Home","item":"https:\/\/prowerk-consulting.de\/"},{"@type":"ListItem","position":2,"name":"Startseite"}]},{"@type":"WebSite","@id":"https:\/\/prowerk-consulting.de\/#website","url":"https:\/\/prowerk-consulting.de\/","name":"PROWERK Consulting GmbH","description":"Creating Competitive Products","publisher":{"@id":"https:\/\/prowerk-consulting.de\/#organization"},"potentialAction":[{"@type":"SearchAction","target":{"@type":"EntryPoint","urlTemplate":"https:\/\/prowerk-consulting.de\/?s={search_term_string}"},"query-input":{"@type":"PropertyValueSpecification","valueRequired":true,"valueName":"search_term_string"}}],"inLanguage":"en-GB"},{"@type":"Organization","@id":"https:\/\/prowerk-consulting.de\/#organization","name":"PROWERK Consulting GmbH","url":"https:\/\/prowerk-consulting.de\/","logo":{"@type":"ImageObject","inLanguage":"en-GB","@id":"https:\/\/prowerk-consulting.de\/#\/schema\/logo\/image\/","url":"https:\/\/prowerk-consulting.de\/wp-content\/uploads\/2022\/07\/Logo-Prowerk.png","contentUrl":"https:\/\/prowerk-consulting.de\/wp-content\/uploads\/2022\/07\/Logo-Prowerk.png","width":852,"height":240,"caption":"PROWERK Consulting GmbH"},"image":{"@id":"https:\/\/prowerk-consulting.de\/#\/schema\/logo\/image\/"},"sameAs":["https:\/\/www.linkedin.com\/company\/prowerk-consulting-gmbh"]}]}},"_links":{"self":[{"href":"https:\/\/prowerk-consulting.de\/en\/wp-json\/wp\/v2\/pages\/2","targetHints":{"allow":["GET"]}}],"collection":[{"href":"https:\/\/prowerk-consulting.de\/en\/wp-json\/wp\/v2\/pages"}],"about":[{"href":"https:\/\/prowerk-consulting.de\/en\/wp-json\/wp\/v2\/types\/page"}],"author":[{"embeddable":true,"href":"https:\/\/prowerk-consulting.de\/en\/wp-json\/wp\/v2\/users\/1"}],"replies":[{"embeddable":true,"href":"https:\/\/prowerk-consulting.de\/en\/wp-json\/wp\/v2\/comments?post=2"}],"version-history":[{"count":97,"href":"https:\/\/prowerk-consulting.de\/en\/wp-json\/wp\/v2\/pages\/2\/revisions"}],"predecessor-version":[{"id":808,"href":"https:\/\/prowerk-consulting.de\/en\/wp-json\/wp\/v2\/pages\/2\/revisions\/808"}],"wp:attachment":[{"href":"https:\/\/prowerk-consulting.de\/en\/wp-json\/wp\/v2\/media?parent=2"}],"curies":[{"name":"wp","href":"https:\/\/api.w.org\/{rel}","templated":true}]}}