{"id":22,"date":"2022-07-18T17:49:26","date_gmt":"2022-07-18T15:49:26","guid":{"rendered":"http:\/\/prowerk-consulting.de\/?page_id=22"},"modified":"2025-09-21T20:10:06","modified_gmt":"2025-09-21T18:10:06","slug":"materialkostensenkung","status":"publish","type":"page","link":"https:\/\/prowerk-consulting.de\/en\/materialkostensenkung\/","title":{"rendered":"Material Cost Reduction"},"content":{"rendered":"<div class=\"gb-container gb-container-6d9671d2 alignfull\"><div class=\"gb-inside-container\"><\/div><\/div>\n\n<div class=\"gb-container gb-container-858ba989 shadow animated fadeInUp fast\"><div class=\"gb-inside-container\">\n\n<h1 class=\"gb-headline gb-headline-225b3852 gb-headline-text\">Material Cost Reduction<\/h1>\n\n\n\n<p class=\"gb-headline gb-headline-0ed6d123 gb-headline-text\">Do you want to sustainably reduce material costs across the entire spectrum, independently of individual machines and systems? Are you looking for alternative suppliers to ensure availability?<\/p>\n\n\n\n<p>We support their purchasing - both for production parts and for purchased parts. In addition to reducing manufacturing costs, our customers also have other reasons for our support, such as building up second source, localising procurement in best-cost counties, building up suitable suppliers in Europe to complement Asian suppliers, etc.<\/p>\n\n\n\n<p>In the projects, we carry out consistent monitoring of the savings progress so that you always know which savings have already been achieved and whether they are already having an effect on results.<\/p>\n\n<\/div><\/div>\n\n<div class=\"gb-grid-wrapper gb-grid-wrapper-d747e9df\">\n<div class=\"gb-grid-column gb-grid-column-2c0084f1\"><div class=\"gb-container gb-container-2c0084f1 teaser\"><div class=\"gb-inside-container\"><\/div><\/div><\/div>\n\n<div class=\"gb-grid-column gb-grid-column-641a082d\"><div class=\"gb-container gb-container-641a082d teaser\"><div class=\"gb-inside-container\">\n\n<figure class=\"gb-block-image gb-block-image-4ca3a556\"><img loading=\"lazy\" decoding=\"async\" width=\"180\" height=\"180\" class=\"gb-image gb-image-4ca3a556\" src=\"https:\/\/prowerk-consulting.de\/wp-content\/uploads\/2022\/07\/icon-fertigungsteile.png\" alt=\"\" title=\"icon-fertigungsteile\" srcset=\"https:\/\/prowerk-consulting.de\/wp-content\/uploads\/2022\/07\/icon-fertigungsteile.png 180w, https:\/\/prowerk-consulting.de\/wp-content\/uploads\/2022\/07\/icon-fertigungsteile-150x150.png 150w\" sizes=\"auto, (max-width: 180px) 100vw, 180px\" \/><\/figure>\n\n\n\n<h3 class=\"gb-headline gb-headline-57da5454 gb-headline-text\">Production parts<\/h3>\n\n\n\n<figure class=\"wp-block-image size-full\"><a class=\"smooth-scroll\" href=\"\/materialkostensenkung\/#fertigungsteile\"><img loading=\"lazy\" decoding=\"async\" width=\"56\" height=\"46\" src=\"https:\/\/prowerk-consulting.de\/wp-content\/uploads\/2022\/07\/pfeil.png\" alt=\"\" class=\"wp-image-250\"\/><\/a><\/figure>\n\n<\/div><\/div><\/div>\n\n<div class=\"gb-grid-column gb-grid-column-c0efe3d2\"><div class=\"gb-container gb-container-c0efe3d2 teaser\"><div class=\"gb-inside-container\">\n\n<figure class=\"gb-block-image gb-block-image-f35b68c8\"><img decoding=\"async\" class=\"gb-image gb-image-f35b68c8\" src=\"https:\/\/prowerk-consulting.de\/wp-content\/uploads\/2022\/07\/icon-kaufteile.png\" alt=\"\" title=\"icon-kaufteile\"\/><\/figure>\n\n\n\n<h3 class=\"gb-headline gb-headline-4f594e18 gb-headline-text\">Purchased parts<\/h3>\n\n\n\n<figure class=\"wp-block-image size-full\"><a class=\"smooth-scroll\" href=\"\/materialkostensenkung\/#kaufteile\"><img loading=\"lazy\" decoding=\"async\" width=\"56\" height=\"46\" src=\"https:\/\/prowerk-consulting.de\/wp-content\/uploads\/2022\/07\/pfeil.png\" alt=\"\" class=\"wp-image-250\"\/><\/a><\/figure>\n\n<\/div><\/div><\/div>\n<\/div>\n\n<div class=\"gb-container gb-container-ca70c779 shadow animated fadeInUp fast\" id=\"fertigungsteile\"><div class=\"gb-inside-container\">\n\n<h2 class=\"gb-headline gb-headline-87d89770 gb-headline-text\">Production parts<\/h2>\n\n\n\n<p>Our motto for production parts is: The right part for the right supplier! This means that the requirements of your components in terms of materials, tolerances, surfaces and quantities match the technical and logistical possibilities of the suppliers. Since we work for the machine tool industry, we know the latest machines and technologies as well as the possibilities for automation.<\/p>\n\n\n\n<p class=\" translation-block\">Zu Beginn analysieren wir Ihre Bauteile und clustern sie zu Teilefamilien entsprechend der Anforderungen. Eine Teilefamilie besteht aus Bauteilen mit vergleichbaren Anforderungen die ein Lieferant \u00fcblicherweise abdecken kann. Bei der Analyse bewerten und hinterfragen wir auch die Anforderungen hinsichtlich Toleranzen und Oberfl\u00e4chenanforderungen und koordinieren die Zeichnungsoptimierung. Zudem f\u00fchren wir Best-Case-Kalkulationen zur Ermittlung optimaler Preise f\u00fcr ausgew\u00e4hlte Bauteile aus Ihren Teilefamilien durch, um Ihr aktuelles Preisniveau zu bewerten. Dadurch k\u00f6nnen wir uns bei Ausschreibungen auf die Teilefamilien mit dem gr\u00f6\u00dften Potenzial konzentrieren. Wir identifizieren die passenden Lieferanten und fragen zun\u00e4chst einige Referenzbauteile der Teilefamilien an. The offers are evaluated and we then support you in implementing the supplier changeover.<\/p>\n\n<\/div><\/div>\n\n<div class=\"gb-container gb-container-76b2a502 shadow animated fadeInUp fast\" id=\"kaufteile\"><div class=\"gb-inside-container\">\n\n<h2 class=\"gb-headline gb-headline-748648cf gb-headline-text\">Purchased parts<\/h2>\n\n\n\n<p>In the case of purchased parts, the purchasing department in mechanical and plant engineering is often given both the supplier and the specific component by the technology. Purchasing then has little leverage in price negotiations.<\/p>\n\n\n\n<p class=\" translation-block\">We therefore follow a different path and first develop manufacturer-neutral specifications for the purchased parts with the technology department. In the specifications, the required properties, installation space and standards to be complied with, etc. of the purchased part are summarised and classified according to requirements and wishes. On the basis of the specifications, we identify possible suppliers and request the purchased parts. As a result, we receive a broad comparison of offers, which is evaluated together with your engineering and purchasing departments. We then implement the most economical offer, whereby we also accompany the conversion process - from the initial sample and internal or external tests to changes to the parts list and the series order.<\/p>\n\n<\/div><\/div>","protected":false},"excerpt":{"rendered":"<p>Materialkostensenkung Sie wollen die Materialkosten unabh\u00e4ngig von einzelnen Maschinen und Anlagen \u00fcber das gesamte Spektrum nachhaltig senken? Sie sind auf der Suche nach alternativen Lieferanten um die Verf\u00fcgbarkeit abzusichern? Wir unterst\u00fctzen ihren Einkauf dabei \u2013 sowohl f\u00fcr Fertigungsteile als auch f\u00fcr Kaufteile. Neben der Senkung der Herstellkosten haben unsere Kunden auch andere Gr\u00fcnde f\u00fcr unsere &#8230; <a title=\"Material Cost Reduction\" class=\"read-more\" href=\"https:\/\/prowerk-consulting.de\/en\/materialkostensenkung\/\" aria-label=\"Read more about Materialkostensenkung\">Read more<\/a><\/p>","protected":false},"author":1,"featured_media":0,"parent":0,"menu_order":0,"comment_status":"closed","ping_status":"closed","template":"","meta":{"footnotes":""},"class_list":["post-22","page","type-page","status-publish"],"yoast_head":"<!-- This site is optimized with the Yoast SEO plugin v27.3 - https:\/\/yoast.com\/product\/yoast-seo-wordpress\/ -->\n<title>Materialkostensenkung - PROWERK Consulting GmbH<\/title>\n<meta name=\"description\" content=\"Materialkostensenkung durch optimale Lieferantenauswahl, moderne Fertigungstechnologien und effektive Strategien f\u00fcr Kauf- und Fertigungsteile.\" \/>\n<meta name=\"robots\" content=\"index, follow, max-snippet:-1, max-image-preview:large, max-video-preview:-1\" \/>\n<link rel=\"canonical\" href=\"https:\/\/prowerk-consulting.de\/en\/materialkostensenkung\/\" \/>\n<meta property=\"og:locale\" content=\"en_GB\" \/>\n<meta property=\"og:type\" content=\"article\" \/>\n<meta property=\"og:title\" content=\"Materialkostensenkung - PROWERK Consulting GmbH\" \/>\n<meta property=\"og:description\" content=\"Materialkostensenkung durch optimale Lieferantenauswahl, moderne Fertigungstechnologien und effektive Strategien f\u00fcr Kauf- und Fertigungsteile.\" \/>\n<meta property=\"og:url\" content=\"https:\/\/prowerk-consulting.de\/en\/materialkostensenkung\/\" \/>\n<meta property=\"og:site_name\" content=\"PROWERK Consulting GmbH\" \/>\n<meta property=\"article:modified_time\" content=\"2025-09-21T18:10:06+00:00\" \/>\n<meta property=\"og:image\" content=\"https:\/\/prowerk-consulting.de\/wp-content\/uploads\/2022\/07\/icon-fertigungsteile.png\" \/>\n<meta name=\"twitter:card\" content=\"summary_large_image\" \/>\n<meta name=\"twitter:label1\" content=\"Estimated reading time\" \/>\n\t<meta name=\"twitter:data1\" content=\"4 minutes\" \/>\n<script type=\"application\/ld+json\" class=\"yoast-schema-graph\">{\"@context\":\"https:\\\/\\\/schema.org\",\"@graph\":[{\"@type\":\"WebPage\",\"@id\":\"https:\\\/\\\/prowerk-consulting.de\\\/materialkostensenkung\\\/\",\"url\":\"https:\\\/\\\/prowerk-consulting.de\\\/materialkostensenkung\\\/\",\"name\":\"Materialkostensenkung - PROWERK Consulting GmbH\",\"isPartOf\":{\"@id\":\"https:\\\/\\\/prowerk-consulting.de\\\/#website\"},\"primaryImageOfPage\":{\"@id\":\"https:\\\/\\\/prowerk-consulting.de\\\/materialkostensenkung\\\/#primaryimage\"},\"image\":{\"@id\":\"https:\\\/\\\/prowerk-consulting.de\\\/materialkostensenkung\\\/#primaryimage\"},\"thumbnailUrl\":\"https:\\\/\\\/prowerk-consulting.de\\\/wp-content\\\/uploads\\\/2022\\\/07\\\/icon-fertigungsteile.png\",\"datePublished\":\"2022-07-18T15:49:26+00:00\",\"dateModified\":\"2025-09-21T18:10:06+00:00\",\"description\":\"Materialkostensenkung durch optimale Lieferantenauswahl, moderne Fertigungstechnologien und effektive Strategien f\u00fcr Kauf- und Fertigungsteile.\",\"breadcrumb\":{\"@id\":\"https:\\\/\\\/prowerk-consulting.de\\\/materialkostensenkung\\\/#breadcrumb\"},\"inLanguage\":\"en-GB\",\"potentialAction\":[{\"@type\":\"ReadAction\",\"target\":[\"https:\\\/\\\/prowerk-consulting.de\\\/materialkostensenkung\\\/\"]}]},{\"@type\":\"ImageObject\",\"inLanguage\":\"en-GB\",\"@id\":\"https:\\\/\\\/prowerk-consulting.de\\\/materialkostensenkung\\\/#primaryimage\",\"url\":\"https:\\\/\\\/prowerk-consulting.de\\\/wp-content\\\/uploads\\\/2022\\\/07\\\/icon-fertigungsteile.png\",\"contentUrl\":\"https:\\\/\\\/prowerk-consulting.de\\\/wp-content\\\/uploads\\\/2022\\\/07\\\/icon-fertigungsteile.png\"},{\"@type\":\"BreadcrumbList\",\"@id\":\"https:\\\/\\\/prowerk-consulting.de\\\/materialkostensenkung\\\/#breadcrumb\",\"itemListElement\":[{\"@type\":\"ListItem\",\"position\":1,\"name\":\"Home\",\"item\":\"https:\\\/\\\/prowerk-consulting.de\\\/\"},{\"@type\":\"ListItem\",\"position\":2,\"name\":\"Materialkostensenkung\"}]},{\"@type\":\"WebSite\",\"@id\":\"https:\\\/\\\/prowerk-consulting.de\\\/#website\",\"url\":\"https:\\\/\\\/prowerk-consulting.de\\\/\",\"name\":\"PROWERK Consulting GmbH\",\"description\":\"Creating Competitive Products\",\"publisher\":{\"@id\":\"https:\\\/\\\/prowerk-consulting.de\\\/#organization\"},\"potentialAction\":[{\"@type\":\"SearchAction\",\"target\":{\"@type\":\"EntryPoint\",\"urlTemplate\":\"https:\\\/\\\/prowerk-consulting.de\\\/?s={search_term_string}\"},\"query-input\":{\"@type\":\"PropertyValueSpecification\",\"valueRequired\":true,\"valueName\":\"search_term_string\"}}],\"inLanguage\":\"en-GB\"},{\"@type\":\"Organization\",\"@id\":\"https:\\\/\\\/prowerk-consulting.de\\\/#organization\",\"name\":\"PROWERK Consulting GmbH\",\"url\":\"https:\\\/\\\/prowerk-consulting.de\\\/\",\"logo\":{\"@type\":\"ImageObject\",\"inLanguage\":\"en-GB\",\"@id\":\"https:\\\/\\\/prowerk-consulting.de\\\/#\\\/schema\\\/logo\\\/image\\\/\",\"url\":\"https:\\\/\\\/prowerk-consulting.de\\\/wp-content\\\/uploads\\\/2022\\\/07\\\/Logo-Prowerk.png\",\"contentUrl\":\"https:\\\/\\\/prowerk-consulting.de\\\/wp-content\\\/uploads\\\/2022\\\/07\\\/Logo-Prowerk.png\",\"width\":852,\"height\":240,\"caption\":\"PROWERK Consulting GmbH\"},\"image\":{\"@id\":\"https:\\\/\\\/prowerk-consulting.de\\\/#\\\/schema\\\/logo\\\/image\\\/\"},\"sameAs\":[\"https:\\\/\\\/www.linkedin.com\\\/company\\\/prowerk-consulting-gmbh\"]}]}<\/script>\n<!-- \/ Yoast SEO plugin. -->","yoast_head_json":{"title":"Materialkostensenkung - PROWERK Consulting GmbH","description":"Materialkostensenkung durch optimale Lieferantenauswahl, moderne Fertigungstechnologien und effektive Strategien f\u00fcr Kauf- und Fertigungsteile.","robots":{"index":"index","follow":"follow","max-snippet":"max-snippet:-1","max-image-preview":"max-image-preview:large","max-video-preview":"max-video-preview:-1"},"canonical":"https:\/\/prowerk-consulting.de\/en\/materialkostensenkung\/","og_locale":"en_GB","og_type":"article","og_title":"Materialkostensenkung - PROWERK Consulting GmbH","og_description":"Materialkostensenkung durch optimale Lieferantenauswahl, moderne Fertigungstechnologien und effektive Strategien f\u00fcr Kauf- und Fertigungsteile.","og_url":"https:\/\/prowerk-consulting.de\/en\/materialkostensenkung\/","og_site_name":"PROWERK Consulting GmbH","article_modified_time":"2025-09-21T18:10:06+00:00","og_image":[{"url":"https:\/\/prowerk-consulting.de\/wp-content\/uploads\/2022\/07\/icon-fertigungsteile.png","type":"","width":"","height":""}],"twitter_card":"summary_large_image","twitter_misc":{"Estimated reading time":"4 minutes"},"schema":{"@context":"https:\/\/schema.org","@graph":[{"@type":"WebPage","@id":"https:\/\/prowerk-consulting.de\/materialkostensenkung\/","url":"https:\/\/prowerk-consulting.de\/materialkostensenkung\/","name":"Materialkostensenkung - PROWERK Consulting GmbH","isPartOf":{"@id":"https:\/\/prowerk-consulting.de\/#website"},"primaryImageOfPage":{"@id":"https:\/\/prowerk-consulting.de\/materialkostensenkung\/#primaryimage"},"image":{"@id":"https:\/\/prowerk-consulting.de\/materialkostensenkung\/#primaryimage"},"thumbnailUrl":"https:\/\/prowerk-consulting.de\/wp-content\/uploads\/2022\/07\/icon-fertigungsteile.png","datePublished":"2022-07-18T15:49:26+00:00","dateModified":"2025-09-21T18:10:06+00:00","description":"Materialkostensenkung durch optimale Lieferantenauswahl, moderne Fertigungstechnologien und effektive Strategien f\u00fcr Kauf- und Fertigungsteile.","breadcrumb":{"@id":"https:\/\/prowerk-consulting.de\/materialkostensenkung\/#breadcrumb"},"inLanguage":"en-GB","potentialAction":[{"@type":"ReadAction","target":["https:\/\/prowerk-consulting.de\/materialkostensenkung\/"]}]},{"@type":"ImageObject","inLanguage":"en-GB","@id":"https:\/\/prowerk-consulting.de\/materialkostensenkung\/#primaryimage","url":"https:\/\/prowerk-consulting.de\/wp-content\/uploads\/2022\/07\/icon-fertigungsteile.png","contentUrl":"https:\/\/prowerk-consulting.de\/wp-content\/uploads\/2022\/07\/icon-fertigungsteile.png"},{"@type":"BreadcrumbList","@id":"https:\/\/prowerk-consulting.de\/materialkostensenkung\/#breadcrumb","itemListElement":[{"@type":"ListItem","position":1,"name":"Home","item":"https:\/\/prowerk-consulting.de\/"},{"@type":"ListItem","position":2,"name":"Materialkostensenkung"}]},{"@type":"WebSite","@id":"https:\/\/prowerk-consulting.de\/#website","url":"https:\/\/prowerk-consulting.de\/","name":"PROWERK Consulting GmbH","description":"Creating Competitive Products","publisher":{"@id":"https:\/\/prowerk-consulting.de\/#organization"},"potentialAction":[{"@type":"SearchAction","target":{"@type":"EntryPoint","urlTemplate":"https:\/\/prowerk-consulting.de\/?s={search_term_string}"},"query-input":{"@type":"PropertyValueSpecification","valueRequired":true,"valueName":"search_term_string"}}],"inLanguage":"en-GB"},{"@type":"Organization","@id":"https:\/\/prowerk-consulting.de\/#organization","name":"PROWERK Consulting GmbH","url":"https:\/\/prowerk-consulting.de\/","logo":{"@type":"ImageObject","inLanguage":"en-GB","@id":"https:\/\/prowerk-consulting.de\/#\/schema\/logo\/image\/","url":"https:\/\/prowerk-consulting.de\/wp-content\/uploads\/2022\/07\/Logo-Prowerk.png","contentUrl":"https:\/\/prowerk-consulting.de\/wp-content\/uploads\/2022\/07\/Logo-Prowerk.png","width":852,"height":240,"caption":"PROWERK Consulting GmbH"},"image":{"@id":"https:\/\/prowerk-consulting.de\/#\/schema\/logo\/image\/"},"sameAs":["https:\/\/www.linkedin.com\/company\/prowerk-consulting-gmbh"]}]}},"_links":{"self":[{"href":"https:\/\/prowerk-consulting.de\/en\/wp-json\/wp\/v2\/pages\/22","targetHints":{"allow":["GET"]}}],"collection":[{"href":"https:\/\/prowerk-consulting.de\/en\/wp-json\/wp\/v2\/pages"}],"about":[{"href":"https:\/\/prowerk-consulting.de\/en\/wp-json\/wp\/v2\/types\/page"}],"author":[{"embeddable":true,"href":"https:\/\/prowerk-consulting.de\/en\/wp-json\/wp\/v2\/users\/1"}],"replies":[{"embeddable":true,"href":"https:\/\/prowerk-consulting.de\/en\/wp-json\/wp\/v2\/comments?post=22"}],"version-history":[{"count":28,"href":"https:\/\/prowerk-consulting.de\/en\/wp-json\/wp\/v2\/pages\/22\/revisions"}],"predecessor-version":[{"id":820,"href":"https:\/\/prowerk-consulting.de\/en\/wp-json\/wp\/v2\/pages\/22\/revisions\/820"}],"wp:attachment":[{"href":"https:\/\/prowerk-consulting.de\/en\/wp-json\/wp\/v2\/media?parent=22"}],"curies":[{"name":"wp","href":"https:\/\/api.w.org\/{rel}","templated":true}]}}