{"id":24,"date":"2022-07-18T17:50:20","date_gmt":"2022-07-18T15:50:20","guid":{"rendered":"http:\/\/prowerk-consulting.de\/?page_id=24"},"modified":"2025-09-21T20:03:31","modified_gmt":"2025-09-21T18:03:31","slug":"schulungen","status":"publish","type":"page","link":"https:\/\/prowerk-consulting.de\/en\/schulungen\/","title":{"rendered":"Trainings"},"content":{"rendered":"<div class=\"gb-container gb-container-6d9671d2 alignfull\"><div class=\"gb-inside-container\"><\/div><\/div>\n\n<div class=\"gb-container gb-container-858ba989 shadow animated fadeInUp fast\"><div class=\"gb-inside-container\">\n\n<h1 class=\"gb-headline gb-headline-9b46004d gb-headline-text\">Trainings<\/h1>\n\n\n\n<p class=\"gb-headline gb-headline-53d26354 gb-headline-text\">We also offer in-house training at your premises for our main areas of work. We show you how our methods are used and explain the basics and background. On the basis of concrete use cases from your company, examples are worked through and discussed. Examples for trainings are:<\/p>\n\n\n\n<ul class=\"wp-block-list\">\n<li>Design-to-Cost<\/li>\n\n\n\n<li>Target Costing<\/li>\n\n\n\n<li>Calculation of drawing parts<\/li>\n\n\n\n<li>Purchasing of purchased parts<\/li>\n\n\n\n<li>Development of modular kits<\/li>\n\n\n\n<li>Project management<\/li>\n\n\n\n<li>Assembly calculation<\/li>\n\n\n\n<li>Investment planning<\/li>\n\n\n\n<li>Purchasing negotiations<\/li>\n<\/ul>\n\n\n\n<p class=\" translation-block\">We conduct the training courses as 2 or 3-day seminars at your premises. We would be happy to prepare a concrete offer for a training course for you.<\/p>\n\n<\/div><\/div>","protected":false},"excerpt":{"rendered":"<p>Schulungen F\u00fcr unsere Arbeitsschwerpunkte bieten wir auch In-House-Schulungen bei Ihnen an. Dabei zeigen wir Ihnen, wie unsere Methoden eingesetzt werden und erkl\u00e4ren die Grundlagen und Hintergr\u00fcnde. Anhand konkreter Anwendungsf\u00e4lle aus Ihrem Hause werden Beispiele durchgearbeitet und diskutiert. Beispiele f\u00fcr Schulungen sind: Die Schulungen f\u00fchren wir als 2 bzw. 3-t\u00e4giges Seminar bei Ihnen im Haus durch. &#8230; <a title=\"Trainings\" class=\"read-more\" href=\"https:\/\/prowerk-consulting.de\/en\/schulungen\/\" aria-label=\"Read more about Schulungen\">Read more<\/a><\/p>","protected":false},"author":1,"featured_media":0,"parent":0,"menu_order":0,"comment_status":"closed","ping_status":"closed","template":"","meta":{"footnotes":""},"class_list":["post-24","page","type-page","status-publish"],"yoast_head":"<!-- This site is optimized with the Yoast SEO plugin v27.3 - https:\/\/yoast.com\/product\/yoast-seo-wordpress\/ -->\n<title>Schulungen - PROWERK Consulting GmbH<\/title>\n<meta name=\"description\" content=\"Schulungen in Design-to-Cost, Target Costing, Kalkulation, Einkauf, Baukastensystemen, Projektmanagement und Verhandlungsf\u00fchrung.\" \/>\n<meta name=\"robots\" content=\"index, follow, max-snippet:-1, max-image-preview:large, max-video-preview:-1\" \/>\n<link rel=\"canonical\" href=\"https:\/\/prowerk-consulting.de\/en\/schulungen\/\" \/>\n<meta property=\"og:locale\" content=\"en_GB\" \/>\n<meta property=\"og:type\" content=\"article\" \/>\n<meta property=\"og:title\" content=\"Schulungen - PROWERK Consulting GmbH\" \/>\n<meta property=\"og:description\" content=\"Schulungen in Design-to-Cost, Target Costing, Kalkulation, Einkauf, Baukastensystemen, Projektmanagement und Verhandlungsf\u00fchrung.\" \/>\n<meta property=\"og:url\" content=\"https:\/\/prowerk-consulting.de\/en\/schulungen\/\" \/>\n<meta property=\"og:site_name\" content=\"PROWERK Consulting GmbH\" \/>\n<meta property=\"article:modified_time\" content=\"2025-09-21T18:03:31+00:00\" \/>\n<meta name=\"twitter:card\" content=\"summary_large_image\" \/>\n<meta name=\"twitter:label1\" content=\"Estimated reading time\" \/>\n\t<meta name=\"twitter:data1\" content=\"1 minute\" \/>\n<script type=\"application\/ld+json\" class=\"yoast-schema-graph\">{\"@context\":\"https:\\\/\\\/schema.org\",\"@graph\":[{\"@type\":\"WebPage\",\"@id\":\"https:\\\/\\\/prowerk-consulting.de\\\/schulungen\\\/\",\"url\":\"https:\\\/\\\/prowerk-consulting.de\\\/schulungen\\\/\",\"name\":\"Schulungen - PROWERK Consulting GmbH\",\"isPartOf\":{\"@id\":\"https:\\\/\\\/prowerk-consulting.de\\\/#website\"},\"datePublished\":\"2022-07-18T15:50:20+00:00\",\"dateModified\":\"2025-09-21T18:03:31+00:00\",\"description\":\"Schulungen in Design-to-Cost, Target Costing, Kalkulation, Einkauf, Baukastensystemen, Projektmanagement und Verhandlungsf\u00fchrung.\",\"breadcrumb\":{\"@id\":\"https:\\\/\\\/prowerk-consulting.de\\\/schulungen\\\/#breadcrumb\"},\"inLanguage\":\"en-GB\",\"potentialAction\":[{\"@type\":\"ReadAction\",\"target\":[\"https:\\\/\\\/prowerk-consulting.de\\\/schulungen\\\/\"]}]},{\"@type\":\"BreadcrumbList\",\"@id\":\"https:\\\/\\\/prowerk-consulting.de\\\/schulungen\\\/#breadcrumb\",\"itemListElement\":[{\"@type\":\"ListItem\",\"position\":1,\"name\":\"Home\",\"item\":\"https:\\\/\\\/prowerk-consulting.de\\\/\"},{\"@type\":\"ListItem\",\"position\":2,\"name\":\"Schulungen\"}]},{\"@type\":\"WebSite\",\"@id\":\"https:\\\/\\\/prowerk-consulting.de\\\/#website\",\"url\":\"https:\\\/\\\/prowerk-consulting.de\\\/\",\"name\":\"PROWERK Consulting GmbH\",\"description\":\"Creating Competitive Products\",\"publisher\":{\"@id\":\"https:\\\/\\\/prowerk-consulting.de\\\/#organization\"},\"potentialAction\":[{\"@type\":\"SearchAction\",\"target\":{\"@type\":\"EntryPoint\",\"urlTemplate\":\"https:\\\/\\\/prowerk-consulting.de\\\/?s={search_term_string}\"},\"query-input\":{\"@type\":\"PropertyValueSpecification\",\"valueRequired\":true,\"valueName\":\"search_term_string\"}}],\"inLanguage\":\"en-GB\"},{\"@type\":\"Organization\",\"@id\":\"https:\\\/\\\/prowerk-consulting.de\\\/#organization\",\"name\":\"PROWERK Consulting GmbH\",\"url\":\"https:\\\/\\\/prowerk-consulting.de\\\/\",\"logo\":{\"@type\":\"ImageObject\",\"inLanguage\":\"en-GB\",\"@id\":\"https:\\\/\\\/prowerk-consulting.de\\\/#\\\/schema\\\/logo\\\/image\\\/\",\"url\":\"https:\\\/\\\/prowerk-consulting.de\\\/wp-content\\\/uploads\\\/2022\\\/07\\\/Logo-Prowerk.png\",\"contentUrl\":\"https:\\\/\\\/prowerk-consulting.de\\\/wp-content\\\/uploads\\\/2022\\\/07\\\/Logo-Prowerk.png\",\"width\":852,\"height\":240,\"caption\":\"PROWERK Consulting GmbH\"},\"image\":{\"@id\":\"https:\\\/\\\/prowerk-consulting.de\\\/#\\\/schema\\\/logo\\\/image\\\/\"},\"sameAs\":[\"https:\\\/\\\/www.linkedin.com\\\/company\\\/prowerk-consulting-gmbh\"]}]}<\/script>\n<!-- \/ Yoast SEO plugin. -->","yoast_head_json":{"title":"Schulungen - PROWERK Consulting GmbH","description":"Schulungen in Design-to-Cost, Target Costing, Kalkulation, Einkauf, Baukastensystemen, Projektmanagement und Verhandlungsf\u00fchrung.","robots":{"index":"index","follow":"follow","max-snippet":"max-snippet:-1","max-image-preview":"max-image-preview:large","max-video-preview":"max-video-preview:-1"},"canonical":"https:\/\/prowerk-consulting.de\/en\/schulungen\/","og_locale":"en_GB","og_type":"article","og_title":"Schulungen - PROWERK Consulting GmbH","og_description":"Schulungen in Design-to-Cost, Target Costing, Kalkulation, Einkauf, Baukastensystemen, Projektmanagement und Verhandlungsf\u00fchrung.","og_url":"https:\/\/prowerk-consulting.de\/en\/schulungen\/","og_site_name":"PROWERK Consulting GmbH","article_modified_time":"2025-09-21T18:03:31+00:00","twitter_card":"summary_large_image","twitter_misc":{"Estimated reading time":"1 minute"},"schema":{"@context":"https:\/\/schema.org","@graph":[{"@type":"WebPage","@id":"https:\/\/prowerk-consulting.de\/schulungen\/","url":"https:\/\/prowerk-consulting.de\/schulungen\/","name":"Schulungen - PROWERK Consulting GmbH","isPartOf":{"@id":"https:\/\/prowerk-consulting.de\/#website"},"datePublished":"2022-07-18T15:50:20+00:00","dateModified":"2025-09-21T18:03:31+00:00","description":"Schulungen in Design-to-Cost, Target Costing, Kalkulation, Einkauf, Baukastensystemen, Projektmanagement und Verhandlungsf\u00fchrung.","breadcrumb":{"@id":"https:\/\/prowerk-consulting.de\/schulungen\/#breadcrumb"},"inLanguage":"en-GB","potentialAction":[{"@type":"ReadAction","target":["https:\/\/prowerk-consulting.de\/schulungen\/"]}]},{"@type":"BreadcrumbList","@id":"https:\/\/prowerk-consulting.de\/schulungen\/#breadcrumb","itemListElement":[{"@type":"ListItem","position":1,"name":"Home","item":"https:\/\/prowerk-consulting.de\/"},{"@type":"ListItem","position":2,"name":"Schulungen"}]},{"@type":"WebSite","@id":"https:\/\/prowerk-consulting.de\/#website","url":"https:\/\/prowerk-consulting.de\/","name":"PROWERK Consulting GmbH","description":"Creating Competitive Products","publisher":{"@id":"https:\/\/prowerk-consulting.de\/#organization"},"potentialAction":[{"@type":"SearchAction","target":{"@type":"EntryPoint","urlTemplate":"https:\/\/prowerk-consulting.de\/?s={search_term_string}"},"query-input":{"@type":"PropertyValueSpecification","valueRequired":true,"valueName":"search_term_string"}}],"inLanguage":"en-GB"},{"@type":"Organization","@id":"https:\/\/prowerk-consulting.de\/#organization","name":"PROWERK Consulting GmbH","url":"https:\/\/prowerk-consulting.de\/","logo":{"@type":"ImageObject","inLanguage":"en-GB","@id":"https:\/\/prowerk-consulting.de\/#\/schema\/logo\/image\/","url":"https:\/\/prowerk-consulting.de\/wp-content\/uploads\/2022\/07\/Logo-Prowerk.png","contentUrl":"https:\/\/prowerk-consulting.de\/wp-content\/uploads\/2022\/07\/Logo-Prowerk.png","width":852,"height":240,"caption":"PROWERK Consulting GmbH"},"image":{"@id":"https:\/\/prowerk-consulting.de\/#\/schema\/logo\/image\/"},"sameAs":["https:\/\/www.linkedin.com\/company\/prowerk-consulting-gmbh"]}]}},"_links":{"self":[{"href":"https:\/\/prowerk-consulting.de\/en\/wp-json\/wp\/v2\/pages\/24","targetHints":{"allow":["GET"]}}],"collection":[{"href":"https:\/\/prowerk-consulting.de\/en\/wp-json\/wp\/v2\/pages"}],"about":[{"href":"https:\/\/prowerk-consulting.de\/en\/wp-json\/wp\/v2\/types\/page"}],"author":[{"embeddable":true,"href":"https:\/\/prowerk-consulting.de\/en\/wp-json\/wp\/v2\/users\/1"}],"replies":[{"embeddable":true,"href":"https:\/\/prowerk-consulting.de\/en\/wp-json\/wp\/v2\/comments?post=24"}],"version-history":[{"count":10,"href":"https:\/\/prowerk-consulting.de\/en\/wp-json\/wp\/v2\/pages\/24\/revisions"}],"predecessor-version":[{"id":761,"href":"https:\/\/prowerk-consulting.de\/en\/wp-json\/wp\/v2\/pages\/24\/revisions\/761"}],"wp:attachment":[{"href":"https:\/\/prowerk-consulting.de\/en\/wp-json\/wp\/v2\/media?parent=24"}],"curies":[{"name":"wp","href":"https:\/\/api.w.org\/{rel}","templated":true}]}}