{"id":26,"date":"2022-07-18T17:51:07","date_gmt":"2022-07-18T15:51:07","guid":{"rendered":"http:\/\/prowerk-consulting.de\/?page_id=26"},"modified":"2025-09-22T20:49:28","modified_gmt":"2025-09-22T18:49:28","slug":"team","status":"publish","type":"page","link":"https:\/\/prowerk-consulting.de\/en\/team\/","title":{"rendered":"Team"},"content":{"rendered":"<div class=\"gb-container gb-container-851b5a70 alignfull\"><div class=\"gb-inside-container\"><\/div><\/div>\n\n<div class=\"gb-grid-wrapper gb-grid-wrapper-6994fe74 animated fadeInUp fast\">\n<div class=\"gb-grid-column gb-grid-column-5f75810e\"><div class=\"gb-container gb-container-5f75810e\"><div class=\"gb-inside-container\"><\/div><\/div><\/div>\n\n<div class=\"gb-grid-column gb-grid-column-e3005530\"><div class=\"gb-container gb-container-e3005530 team\"><div class=\"gb-inside-container\"><\/div><\/div><\/div>\n\n<div class=\"gb-grid-column gb-grid-column-f1835ab4\"><div class=\"gb-container gb-container-f1835ab4 shadow\"><div class=\"gb-inside-container\">\n\n<h3 class=\"gb-headline gb-headline-3a6632ef gb-headline-text\">Dr.-Ing. Jens K\u00f6hler<\/h3>\n\n\n\n<p class=\"gb-headline gb-headline-a57f15f2 gb-headline-text\">Managing Partner<\/p>\n\n\n\n<p>Dr. K\u00f6hler has been working as a consultant for product cost reduction for 9 years. His main fields of activity are design-to-cost, calculation of components and assemblies, material cost reduction as well as manufacturing concepts. Dr. K\u00f6hler trained as an industrial clerk and industrial mechanic, studied production engineering and also earned his doctorate at the Institute of Production Engineering and Machine Tools (IFW) at Leibniz Universit\u00e4t Hannover. Since 2013, he has been a senior consultant at ProWerk GmbH, and since 2022 he has been a managing partner of ProWerk Consulting GmbH.<\/p>\n\n<\/div><\/div><\/div>\n<\/div>\n\n<div class=\"gb-grid-wrapper gb-grid-wrapper-12bf423d animated fadeInUp fast\">\n<div class=\"gb-grid-column gb-grid-column-c6822aa9\"><div class=\"gb-container gb-container-c6822aa9\"><div class=\"gb-inside-container\"><\/div><\/div><\/div>\n\n<div class=\"gb-grid-column gb-grid-column-8823a1ff\"><div class=\"gb-container gb-container-8823a1ff shadow\"><div class=\"gb-inside-container\">\n\n<h3 class=\"gb-headline gb-headline-30f99d82 gb-headline-text\">Dr.-Ing. Heiko Noske<\/h3>\n\n\n\n<p class=\"gb-headline gb-headline-3dfc5bfd gb-headline-text\">Managing Partner<\/p>\n\n\n\n<p>Dr. Noske promovierte am Institut f\u00fcr Fertigungstechnik und Werk\u00adzeugmaschinen (IFW) der Universit\u00e4t Hannover.&nbsp; Nach mehrj\u00e4hriger leitender Industriet\u00e4tigkeit und T\u00e4tigkeit als Gesch\u00e4ftsf\u00fchrer der ProWerk GmbH ist er heute Gesch\u00e4ftsf\u00fchrender Gesellschafter der ProWerk Consulting GmbH.&nbsp; Mit den Erfahrungen aus \u00fcber 100 Value Engineering Projekten verf\u00fcgt er \u00fcber einen Pool von Ideen und L\u00f6sungen f\u00fcr eine nachhaltige Wertsteigerung von komplexen Produkten.<\/p>\n\n<\/div><\/div><\/div>\n\n<div class=\"gb-grid-column gb-grid-column-ca687a36\"><div class=\"gb-container gb-container-ca687a36 team\"><div class=\"gb-inside-container\"><\/div><\/div><\/div>\n<\/div>\n\n<div class=\"gb-grid-wrapper gb-grid-wrapper-67cad9b9 animated fadeInUp fast\">\n<div class=\"gb-grid-column gb-grid-column-88fcd2bf\"><div class=\"gb-container gb-container-88fcd2bf\"><div class=\"gb-inside-container\"><\/div><\/div><\/div>\n\n<div class=\"gb-grid-column gb-grid-column-1b043ec7\"><div class=\"gb-container gb-container-1b043ec7 team\"><div class=\"gb-inside-container\"><\/div><\/div><\/div>\n\n<div class=\"gb-grid-column gb-grid-column-f844df2d\"><div class=\"gb-container gb-container-f844df2d shadow\"><div class=\"gb-inside-container\">\n\n<h3 class=\"gb-headline gb-headline-c782f11e gb-headline-text\">Dipl.-Ing. J\u00fcrgen Reingen<\/h3>\n\n\n\n<p class=\"gb-headline gb-headline-957c010a gb-headline-text\">Senior Consultant<\/p>\n\n\n\n<p>Mr. Reingen has been working for ProWerk Consulting GmbH as a senior consultant since 2022. He studied electrical engineering and subsequently worked for various well-known companies in the mechanical and plant engineering sector. Initially, he was head of development for control technology of a machine tool manufacturer, later product manager, design and development manager as well as technical manager and authorized signatory. He has extensive knowledge in the development of machines and plants, both in terms of mechanics and electrical engineering.<\/p>\n\n<\/div><\/div><\/div>\n<\/div>\n\n<div class=\"gb-grid-wrapper gb-grid-wrapper-8793d379 animated fadeInUp fast\">\n<div class=\"gb-grid-column gb-grid-column-cdbddbfe\"><div class=\"gb-container gb-container-cdbddbfe\"><div class=\"gb-inside-container\"><\/div><\/div><\/div>\n\n<div class=\"gb-grid-column gb-grid-column-53ab1ac9\"><div class=\"gb-container gb-container-53ab1ac9 shadow\"><div class=\"gb-inside-container\">\n\n<h3 class=\"gb-headline gb-headline-133f0492 gb-headline-text\">Dr.-Ing. habil. Wolfgang Horn<\/h3>\n\n\n\n<p class=\"gb-headline gb-headline-ad52169e gb-headline-text\">Consultant Innovation and Technology<\/p>\n\n\n\n<p>Dr. Horn received his doctorate and habilitation in technology and factory automation. After many years working as a design engineer and manager in the machine tool industry, most recently as Vice Chairman Technology of MAG IAS Global, he was Senior Vice President and Technical Director at Bosch Rexroth. He has many years of experience and expertise in global markets, for the development of complex industrial products, combined with challenging manufacturing cost targets, and thus a wide range of creative ideas and solutions.<\/p>\n\n<\/div><\/div><\/div>\n\n<div class=\"gb-grid-column gb-grid-column-33d961d6\"><div class=\"gb-container gb-container-33d961d6 team\"><div class=\"gb-inside-container\"><\/div><\/div><\/div>\n<\/div>\n\n<div class=\"gb-grid-wrapper gb-grid-wrapper-09cb59ee animated fadeInUp fast\">\n<div class=\"gb-grid-column gb-grid-column-4cab9291\"><div class=\"gb-container gb-container-4cab9291\"><div class=\"gb-inside-container\"><\/div><\/div><\/div>\n\n<div class=\"gb-grid-column gb-grid-column-67b8bf90\"><div class=\"gb-container gb-container-67b8bf90 team\"><div class=\"gb-inside-container\"><\/div><\/div><\/div>\n\n<div class=\"gb-grid-column gb-grid-column-ced94c7f\"><div class=\"gb-container gb-container-ced94c7f shadow\"><div class=\"gb-inside-container\">\n\n<h3 class=\"gb-headline gb-headline-cbc85bb5 gb-headline-text\">Dr.-Ing. habil. Hans-Guenter Wobker<\/h3>\n\n\n\n<p class=\"gb-headline gb-headline-7a9d2209 gb-headline-text\">Senior Consultant<\/p>\n\n\n\n<p>Dr. Wobker earned his doctorate and habilitation in the fields of Technology and Manufacturing Engineering. Hans-G\u00fcnter Wobker has more than 30 years of experience working in a world-leading group in mechanical and plant engineering. Within the group, he held various positions both in Germany and abroad. In addition to responsibilities at the U.S. plant, he was, among other things, in charge of establishing a plant in China. Furthermore, he led the Special Products division for many years as General Manager and has expertise in the areas of product development and innovation management.<\/p>\n\n<\/div><\/div><\/div>\n<\/div>\n\n<div class=\"gb-container gb-container-585e6c45\"><div class=\"gb-inside-container\"><\/div><\/div>","protected":false},"excerpt":{"rendered":"","protected":false},"author":1,"featured_media":0,"parent":0,"menu_order":0,"comment_status":"closed","ping_status":"closed","template":"","meta":{"footnotes":""},"class_list":["post-26","page","type-page","status-publish"],"yoast_head":"<!-- This site is optimized with the Yoast SEO plugin v27.4 - https:\/\/yoast.com\/product\/yoast-seo-wordpress\/ -->\n<title>Team - PROWERK Consulting GmbH<\/title>\n<meta name=\"description\" content=\"Erfahrene Berater im Maschinenbau mit jahrzehntelanger Expertise in Technologie, Fertigung und internationaler Standortentwicklung.\" \/>\n<meta name=\"robots\" content=\"index, follow, max-snippet:-1, max-image-preview:large, max-video-preview:-1\" \/>\n<link rel=\"canonical\" href=\"https:\/\/prowerk-consulting.de\/en\/team\/\" \/>\n<meta property=\"og:locale\" content=\"en_GB\" \/>\n<meta property=\"og:type\" content=\"article\" \/>\n<meta property=\"og:title\" content=\"Team - PROWERK Consulting GmbH\" \/>\n<meta property=\"og:description\" content=\"Erfahrene Berater im Maschinenbau mit jahrzehntelanger Expertise in Technologie, Fertigung und internationaler Standortentwicklung.\" \/>\n<meta property=\"og:url\" content=\"https:\/\/prowerk-consulting.de\/en\/team\/\" \/>\n<meta property=\"og:site_name\" content=\"PROWERK Consulting GmbH\" \/>\n<meta property=\"article:modified_time\" content=\"2025-09-22T18:49:28+00:00\" \/>\n<meta name=\"twitter:card\" content=\"summary_large_image\" \/>\n<meta name=\"twitter:label1\" content=\"Estimated reading time\" \/>\n\t<meta name=\"twitter:data1\" content=\"3 minutes\" \/>\n<script type=\"application\/ld+json\" class=\"yoast-schema-graph\">{\"@context\":\"https:\\\/\\\/schema.org\",\"@graph\":[{\"@type\":\"WebPage\",\"@id\":\"https:\\\/\\\/prowerk-consulting.de\\\/team\\\/\",\"url\":\"https:\\\/\\\/prowerk-consulting.de\\\/team\\\/\",\"name\":\"Team - PROWERK Consulting GmbH\",\"isPartOf\":{\"@id\":\"https:\\\/\\\/prowerk-consulting.de\\\/#website\"},\"datePublished\":\"2022-07-18T15:51:07+00:00\",\"dateModified\":\"2025-09-22T18:49:28+00:00\",\"description\":\"Erfahrene Berater im Maschinenbau mit jahrzehntelanger Expertise in Technologie, Fertigung und internationaler Standortentwicklung.\",\"breadcrumb\":{\"@id\":\"https:\\\/\\\/prowerk-consulting.de\\\/team\\\/#breadcrumb\"},\"inLanguage\":\"en-GB\",\"potentialAction\":[{\"@type\":\"ReadAction\",\"target\":[\"https:\\\/\\\/prowerk-consulting.de\\\/team\\\/\"]}]},{\"@type\":\"BreadcrumbList\",\"@id\":\"https:\\\/\\\/prowerk-consulting.de\\\/team\\\/#breadcrumb\",\"itemListElement\":[{\"@type\":\"ListItem\",\"position\":1,\"name\":\"Home\",\"item\":\"https:\\\/\\\/prowerk-consulting.de\\\/\"},{\"@type\":\"ListItem\",\"position\":2,\"name\":\"Team\"}]},{\"@type\":\"WebSite\",\"@id\":\"https:\\\/\\\/prowerk-consulting.de\\\/#website\",\"url\":\"https:\\\/\\\/prowerk-consulting.de\\\/\",\"name\":\"PROWERK Consulting GmbH\",\"description\":\"Creating Competitive Products\",\"publisher\":{\"@id\":\"https:\\\/\\\/prowerk-consulting.de\\\/#organization\"},\"potentialAction\":[{\"@type\":\"SearchAction\",\"target\":{\"@type\":\"EntryPoint\",\"urlTemplate\":\"https:\\\/\\\/prowerk-consulting.de\\\/?s={search_term_string}\"},\"query-input\":{\"@type\":\"PropertyValueSpecification\",\"valueRequired\":true,\"valueName\":\"search_term_string\"}}],\"inLanguage\":\"en-GB\"},{\"@type\":\"Organization\",\"@id\":\"https:\\\/\\\/prowerk-consulting.de\\\/#organization\",\"name\":\"PROWERK Consulting GmbH\",\"url\":\"https:\\\/\\\/prowerk-consulting.de\\\/\",\"logo\":{\"@type\":\"ImageObject\",\"inLanguage\":\"en-GB\",\"@id\":\"https:\\\/\\\/prowerk-consulting.de\\\/#\\\/schema\\\/logo\\\/image\\\/\",\"url\":\"https:\\\/\\\/prowerk-consulting.de\\\/wp-content\\\/uploads\\\/2022\\\/07\\\/Logo-Prowerk.png\",\"contentUrl\":\"https:\\\/\\\/prowerk-consulting.de\\\/wp-content\\\/uploads\\\/2022\\\/07\\\/Logo-Prowerk.png\",\"width\":852,\"height\":240,\"caption\":\"PROWERK Consulting GmbH\"},\"image\":{\"@id\":\"https:\\\/\\\/prowerk-consulting.de\\\/#\\\/schema\\\/logo\\\/image\\\/\"},\"sameAs\":[\"https:\\\/\\\/www.linkedin.com\\\/company\\\/prowerk-consulting-gmbh\"]}]}<\/script>\n<!-- \/ Yoast SEO plugin. -->","yoast_head_json":{"title":"Team - PROWERK Consulting GmbH","description":"Erfahrene Berater im Maschinenbau mit jahrzehntelanger Expertise in Technologie, Fertigung und internationaler Standortentwicklung.","robots":{"index":"index","follow":"follow","max-snippet":"max-snippet:-1","max-image-preview":"max-image-preview:large","max-video-preview":"max-video-preview:-1"},"canonical":"https:\/\/prowerk-consulting.de\/en\/team\/","og_locale":"en_GB","og_type":"article","og_title":"Team - PROWERK Consulting GmbH","og_description":"Erfahrene Berater im Maschinenbau mit jahrzehntelanger Expertise in Technologie, Fertigung und internationaler Standortentwicklung.","og_url":"https:\/\/prowerk-consulting.de\/en\/team\/","og_site_name":"PROWERK Consulting GmbH","article_modified_time":"2025-09-22T18:49:28+00:00","twitter_card":"summary_large_image","twitter_misc":{"Estimated reading time":"3 minutes"},"schema":{"@context":"https:\/\/schema.org","@graph":[{"@type":"WebPage","@id":"https:\/\/prowerk-consulting.de\/team\/","url":"https:\/\/prowerk-consulting.de\/team\/","name":"Team - PROWERK Consulting GmbH","isPartOf":{"@id":"https:\/\/prowerk-consulting.de\/#website"},"datePublished":"2022-07-18T15:51:07+00:00","dateModified":"2025-09-22T18:49:28+00:00","description":"Erfahrene Berater im Maschinenbau mit jahrzehntelanger Expertise in Technologie, Fertigung und internationaler Standortentwicklung.","breadcrumb":{"@id":"https:\/\/prowerk-consulting.de\/team\/#breadcrumb"},"inLanguage":"en-GB","potentialAction":[{"@type":"ReadAction","target":["https:\/\/prowerk-consulting.de\/team\/"]}]},{"@type":"BreadcrumbList","@id":"https:\/\/prowerk-consulting.de\/team\/#breadcrumb","itemListElement":[{"@type":"ListItem","position":1,"name":"Home","item":"https:\/\/prowerk-consulting.de\/"},{"@type":"ListItem","position":2,"name":"Team"}]},{"@type":"WebSite","@id":"https:\/\/prowerk-consulting.de\/#website","url":"https:\/\/prowerk-consulting.de\/","name":"PROWERK Consulting GmbH","description":"Creating Competitive Products","publisher":{"@id":"https:\/\/prowerk-consulting.de\/#organization"},"potentialAction":[{"@type":"SearchAction","target":{"@type":"EntryPoint","urlTemplate":"https:\/\/prowerk-consulting.de\/?s={search_term_string}"},"query-input":{"@type":"PropertyValueSpecification","valueRequired":true,"valueName":"search_term_string"}}],"inLanguage":"en-GB"},{"@type":"Organization","@id":"https:\/\/prowerk-consulting.de\/#organization","name":"PROWERK Consulting GmbH","url":"https:\/\/prowerk-consulting.de\/","logo":{"@type":"ImageObject","inLanguage":"en-GB","@id":"https:\/\/prowerk-consulting.de\/#\/schema\/logo\/image\/","url":"https:\/\/prowerk-consulting.de\/wp-content\/uploads\/2022\/07\/Logo-Prowerk.png","contentUrl":"https:\/\/prowerk-consulting.de\/wp-content\/uploads\/2022\/07\/Logo-Prowerk.png","width":852,"height":240,"caption":"PROWERK Consulting GmbH"},"image":{"@id":"https:\/\/prowerk-consulting.de\/#\/schema\/logo\/image\/"},"sameAs":["https:\/\/www.linkedin.com\/company\/prowerk-consulting-gmbh"]}]}},"_links":{"self":[{"href":"https:\/\/prowerk-consulting.de\/en\/wp-json\/wp\/v2\/pages\/26","targetHints":{"allow":["GET"]}}],"collection":[{"href":"https:\/\/prowerk-consulting.de\/en\/wp-json\/wp\/v2\/pages"}],"about":[{"href":"https:\/\/prowerk-consulting.de\/en\/wp-json\/wp\/v2\/types\/page"}],"author":[{"embeddable":true,"href":"https:\/\/prowerk-consulting.de\/en\/wp-json\/wp\/v2\/users\/1"}],"replies":[{"embeddable":true,"href":"https:\/\/prowerk-consulting.de\/en\/wp-json\/wp\/v2\/comments?post=26"}],"version-history":[{"count":66,"href":"https:\/\/prowerk-consulting.de\/en\/wp-json\/wp\/v2\/pages\/26\/revisions"}],"predecessor-version":[{"id":754,"href":"https:\/\/prowerk-consulting.de\/en\/wp-json\/wp\/v2\/pages\/26\/revisions\/754"}],"wp:attachment":[{"href":"https:\/\/prowerk-consulting.de\/en\/wp-json\/wp\/v2\/media?parent=26"}],"curies":[{"name":"wp","href":"https:\/\/api.w.org\/{rel}","templated":true}]}}