{"id":30,"date":"2022-07-18T17:53:23","date_gmt":"2022-07-18T15:53:23","guid":{"rendered":"http:\/\/prowerk-consulting.de\/?page_id=30"},"modified":"2025-09-21T20:08:17","modified_gmt":"2025-09-21T18:08:17","slug":"impressum","status":"publish","type":"page","link":"https:\/\/prowerk-consulting.de\/en\/impressum\/","title":{"rendered":"Imprint"},"content":{"rendered":"<p><strong>Information according to  \u00a7 5 TMG<\/strong><\/p>\n\n\n\n<p>PROWERK Consulting GmbH<br>Marktstra\u00dfe 4<br>30938 Burgwedel<\/p>\n\n\n\n<p>Mobil +49-(0)-172-7195550<br>Email: <a href=\"mailto:info@prowerk-consulting.de\">info@prowerk-consulting.de<\/a><\/p>\n\n\n\n<p><strong>Responsible for content according to \u00a7 10 paragraph 3 MDStV:<\/strong><br>Dr.-Ing. Jens K\u00f6hler, Dr.-Ing. Heiko Noske<br>Gesch\u00e4ftsf\u00fchrende Gesellschafter<\/p>\n\n\n\n<p><strong>Register Court<\/strong><br>Hanover Local Court<br>HRB 223818<br>Sales tax identification number according to \u00a7 27 a<br>USt-ID-Nr.: DE354864969<br>Steuernummer: 16\/205\/56216<\/p>\n\n\n\n<p><strong>Data protection\/liability<\/strong><br>Der gesamte Inhalt des Internet-Auftritts der ProWerk Consulting GmbH ist urheberrechtlich gesch\u00fctzt. Das Herunterladen oder Ausdrucken einzelner Seiten und\/oder Teilbereiche des Internet-Auftritts ist nur insoweit gestattet, als es von dem zur Verf\u00fcgung gestellten Zweck gedeckt ist. Copyright-Vermerke d\u00fcrfen nicht entfernt oder ver\u00e4ndert werden.<br>Jegliche Vervielf\u00e4ltigung, \u00dcbermittlung oder Bearbeitung ist au\u00dferhalb der engen Grenzen des Urheberrechts ohne vorherige schriftliche Zustimmung der ProWerk Consulting GmbH untersagt.<br>Die ProWerk Consulting GmbH ist bem\u00fcht, die Zuverl\u00e4ssigkeit und Fehlerfreiheit der pr\u00e4sentierten Information sicherzustellen. Eine Haftung f\u00fcr Verluste oder Sch\u00e4den irgendwelcher Art, die direkt oder indirekt im Zusammenhang mit dem Zugriff, der Benutzung, der Leistung oder der Anfrage auf unseren Internet-Seiten oder mit Verweisen auf andere Internet-Seiten zusammenh\u00e4ngt, kann die ProWerk Consulting GmbH nicht \u00fcbernehmen.<br>Haftungshinweis: Trotz sorgf\u00e4ltiger inhaltlicher Kontrolle \u00fcbernimmt die ProWerk Consulting GmbH keine Haftung f\u00fcr die Inhalte externer Links. F\u00fcr den Inhalt der verlinkten Seiten sind ausschlie\u00dflich deren Betreiber verantwortlich.<\/p>\n\n\n\n<p><strong>Design and implementation of the website<\/strong><br>www.seromat.de<\/p>","protected":false},"excerpt":{"rendered":"<p>Angaben gem\u00e4\u00df \u00a7 5 TMG PROWERK Consulting GmbHMarktstra\u00dfe 430938 Burgwedel Mobil +49-(0)-172-7195550Email: info@prowerk-consulting.de Inhaltlich Verantwortlicher gem\u00e4\u00df \u00a7 10 Absatz 3 MDStV:Dr.-Ing. Jens K\u00f6hler, Dr.-Ing. Heiko NoskeGesch\u00e4ftsf\u00fchrende Gesellschafter RegistergerichtAmtsgericht HannoverHRB 223818Umsatzsteuer-Identifikationsnummer gem\u00e4\u00df \u00a7 27 aUSt-ID-Nr.: DE354864969Steuernummer: 16\/205\/56216 Datenschutz\/HaftungDer gesamte Inhalt des Internet-Auftritts der ProWerk Consulting GmbH ist urheberrechtlich gesch\u00fctzt. Das Herunterladen oder Ausdrucken einzelner Seiten und\/oder &#8230; <a title=\"Imprint\" class=\"read-more\" href=\"https:\/\/prowerk-consulting.de\/en\/impressum\/\" aria-label=\"Read more about Impressum\">Read more<\/a><\/p>","protected":false},"author":1,"featured_media":0,"parent":0,"menu_order":0,"comment_status":"closed","ping_status":"closed","template":"","meta":{"footnotes":""},"class_list":["post-30","page","type-page","status-publish"],"yoast_head":"<!-- This site is optimized with the Yoast SEO plugin v27.3 - https:\/\/yoast.com\/product\/yoast-seo-wordpress\/ -->\n<title>Impressum - PROWERK Consulting GmbH<\/title>\n<meta name=\"description\" content=\"Impressum der Prowerk Consulting GmbH. Rechtliche Angaben, Kontaktinformationen und Verantwortlichkeiten gem\u00e4\u00df gesetzlicher Vorgaben.\" \/>\n<meta name=\"robots\" content=\"index, follow, max-snippet:-1, max-image-preview:large, max-video-preview:-1\" \/>\n<link rel=\"canonical\" href=\"https:\/\/prowerk-consulting.de\/en\/impressum\/\" \/>\n<meta property=\"og:locale\" content=\"en_GB\" \/>\n<meta property=\"og:type\" content=\"article\" \/>\n<meta property=\"og:title\" content=\"Impressum - PROWERK Consulting GmbH\" \/>\n<meta property=\"og:description\" content=\"Impressum der Prowerk Consulting GmbH. Rechtliche Angaben, Kontaktinformationen und Verantwortlichkeiten gem\u00e4\u00df gesetzlicher Vorgaben.\" \/>\n<meta property=\"og:url\" content=\"https:\/\/prowerk-consulting.de\/en\/impressum\/\" \/>\n<meta property=\"og:site_name\" content=\"PROWERK Consulting GmbH\" \/>\n<meta property=\"article:modified_time\" content=\"2025-09-21T18:08:17+00:00\" \/>\n<meta name=\"twitter:card\" content=\"summary_large_image\" \/>\n<meta name=\"twitter:label1\" content=\"Estimated reading time\" \/>\n\t<meta name=\"twitter:data1\" content=\"2 minutes\" \/>\n<script type=\"application\/ld+json\" class=\"yoast-schema-graph\">{\"@context\":\"https:\\\/\\\/schema.org\",\"@graph\":[{\"@type\":\"WebPage\",\"@id\":\"https:\\\/\\\/prowerk-consulting.de\\\/impressum\\\/\",\"url\":\"https:\\\/\\\/prowerk-consulting.de\\\/impressum\\\/\",\"name\":\"Impressum - PROWERK Consulting GmbH\",\"isPartOf\":{\"@id\":\"https:\\\/\\\/prowerk-consulting.de\\\/#website\"},\"datePublished\":\"2022-07-18T15:53:23+00:00\",\"dateModified\":\"2025-09-21T18:08:17+00:00\",\"description\":\"Impressum der Prowerk Consulting GmbH. Rechtliche Angaben, Kontaktinformationen und Verantwortlichkeiten gem\u00e4\u00df gesetzlicher Vorgaben.\",\"breadcrumb\":{\"@id\":\"https:\\\/\\\/prowerk-consulting.de\\\/impressum\\\/#breadcrumb\"},\"inLanguage\":\"en-GB\",\"potentialAction\":[{\"@type\":\"ReadAction\",\"target\":[\"https:\\\/\\\/prowerk-consulting.de\\\/impressum\\\/\"]}]},{\"@type\":\"BreadcrumbList\",\"@id\":\"https:\\\/\\\/prowerk-consulting.de\\\/impressum\\\/#breadcrumb\",\"itemListElement\":[{\"@type\":\"ListItem\",\"position\":1,\"name\":\"Home\",\"item\":\"https:\\\/\\\/prowerk-consulting.de\\\/\"},{\"@type\":\"ListItem\",\"position\":2,\"name\":\"Impressum\"}]},{\"@type\":\"WebSite\",\"@id\":\"https:\\\/\\\/prowerk-consulting.de\\\/#website\",\"url\":\"https:\\\/\\\/prowerk-consulting.de\\\/\",\"name\":\"PROWERK Consulting GmbH\",\"description\":\"Creating Competitive Products\",\"publisher\":{\"@id\":\"https:\\\/\\\/prowerk-consulting.de\\\/#organization\"},\"potentialAction\":[{\"@type\":\"SearchAction\",\"target\":{\"@type\":\"EntryPoint\",\"urlTemplate\":\"https:\\\/\\\/prowerk-consulting.de\\\/?s={search_term_string}\"},\"query-input\":{\"@type\":\"PropertyValueSpecification\",\"valueRequired\":true,\"valueName\":\"search_term_string\"}}],\"inLanguage\":\"en-GB\"},{\"@type\":\"Organization\",\"@id\":\"https:\\\/\\\/prowerk-consulting.de\\\/#organization\",\"name\":\"PROWERK Consulting GmbH\",\"url\":\"https:\\\/\\\/prowerk-consulting.de\\\/\",\"logo\":{\"@type\":\"ImageObject\",\"inLanguage\":\"en-GB\",\"@id\":\"https:\\\/\\\/prowerk-consulting.de\\\/#\\\/schema\\\/logo\\\/image\\\/\",\"url\":\"https:\\\/\\\/prowerk-consulting.de\\\/wp-content\\\/uploads\\\/2022\\\/07\\\/Logo-Prowerk.png\",\"contentUrl\":\"https:\\\/\\\/prowerk-consulting.de\\\/wp-content\\\/uploads\\\/2022\\\/07\\\/Logo-Prowerk.png\",\"width\":852,\"height\":240,\"caption\":\"PROWERK Consulting GmbH\"},\"image\":{\"@id\":\"https:\\\/\\\/prowerk-consulting.de\\\/#\\\/schema\\\/logo\\\/image\\\/\"},\"sameAs\":[\"https:\\\/\\\/www.linkedin.com\\\/company\\\/prowerk-consulting-gmbh\"]}]}<\/script>\n<!-- \/ Yoast SEO plugin. -->","yoast_head_json":{"title":"Impressum - PROWERK Consulting GmbH","description":"Impressum der Prowerk Consulting GmbH. Rechtliche Angaben, Kontaktinformationen und Verantwortlichkeiten gem\u00e4\u00df gesetzlicher Vorgaben.","robots":{"index":"index","follow":"follow","max-snippet":"max-snippet:-1","max-image-preview":"max-image-preview:large","max-video-preview":"max-video-preview:-1"},"canonical":"https:\/\/prowerk-consulting.de\/en\/impressum\/","og_locale":"en_GB","og_type":"article","og_title":"Impressum - PROWERK Consulting GmbH","og_description":"Impressum der Prowerk Consulting GmbH. Rechtliche Angaben, Kontaktinformationen und Verantwortlichkeiten gem\u00e4\u00df gesetzlicher Vorgaben.","og_url":"https:\/\/prowerk-consulting.de\/en\/impressum\/","og_site_name":"PROWERK Consulting GmbH","article_modified_time":"2025-09-21T18:08:17+00:00","twitter_card":"summary_large_image","twitter_misc":{"Estimated reading time":"2 minutes"},"schema":{"@context":"https:\/\/schema.org","@graph":[{"@type":"WebPage","@id":"https:\/\/prowerk-consulting.de\/impressum\/","url":"https:\/\/prowerk-consulting.de\/impressum\/","name":"Impressum - PROWERK Consulting GmbH","isPartOf":{"@id":"https:\/\/prowerk-consulting.de\/#website"},"datePublished":"2022-07-18T15:53:23+00:00","dateModified":"2025-09-21T18:08:17+00:00","description":"Impressum der Prowerk Consulting GmbH. Rechtliche Angaben, Kontaktinformationen und Verantwortlichkeiten gem\u00e4\u00df gesetzlicher Vorgaben.","breadcrumb":{"@id":"https:\/\/prowerk-consulting.de\/impressum\/#breadcrumb"},"inLanguage":"en-GB","potentialAction":[{"@type":"ReadAction","target":["https:\/\/prowerk-consulting.de\/impressum\/"]}]},{"@type":"BreadcrumbList","@id":"https:\/\/prowerk-consulting.de\/impressum\/#breadcrumb","itemListElement":[{"@type":"ListItem","position":1,"name":"Home","item":"https:\/\/prowerk-consulting.de\/"},{"@type":"ListItem","position":2,"name":"Impressum"}]},{"@type":"WebSite","@id":"https:\/\/prowerk-consulting.de\/#website","url":"https:\/\/prowerk-consulting.de\/","name":"PROWERK Consulting GmbH","description":"Creating Competitive Products","publisher":{"@id":"https:\/\/prowerk-consulting.de\/#organization"},"potentialAction":[{"@type":"SearchAction","target":{"@type":"EntryPoint","urlTemplate":"https:\/\/prowerk-consulting.de\/?s={search_term_string}"},"query-input":{"@type":"PropertyValueSpecification","valueRequired":true,"valueName":"search_term_string"}}],"inLanguage":"en-GB"},{"@type":"Organization","@id":"https:\/\/prowerk-consulting.de\/#organization","name":"PROWERK Consulting GmbH","url":"https:\/\/prowerk-consulting.de\/","logo":{"@type":"ImageObject","inLanguage":"en-GB","@id":"https:\/\/prowerk-consulting.de\/#\/schema\/logo\/image\/","url":"https:\/\/prowerk-consulting.de\/wp-content\/uploads\/2022\/07\/Logo-Prowerk.png","contentUrl":"https:\/\/prowerk-consulting.de\/wp-content\/uploads\/2022\/07\/Logo-Prowerk.png","width":852,"height":240,"caption":"PROWERK Consulting GmbH"},"image":{"@id":"https:\/\/prowerk-consulting.de\/#\/schema\/logo\/image\/"},"sameAs":["https:\/\/www.linkedin.com\/company\/prowerk-consulting-gmbh"]}]}},"_links":{"self":[{"href":"https:\/\/prowerk-consulting.de\/en\/wp-json\/wp\/v2\/pages\/30","targetHints":{"allow":["GET"]}}],"collection":[{"href":"https:\/\/prowerk-consulting.de\/en\/wp-json\/wp\/v2\/pages"}],"about":[{"href":"https:\/\/prowerk-consulting.de\/en\/wp-json\/wp\/v2\/types\/page"}],"author":[{"embeddable":true,"href":"https:\/\/prowerk-consulting.de\/en\/wp-json\/wp\/v2\/users\/1"}],"replies":[{"embeddable":true,"href":"https:\/\/prowerk-consulting.de\/en\/wp-json\/wp\/v2\/comments?post=30"}],"version-history":[{"count":7,"href":"https:\/\/prowerk-consulting.de\/en\/wp-json\/wp\/v2\/pages\/30\/revisions"}],"predecessor-version":[{"id":691,"href":"https:\/\/prowerk-consulting.de\/en\/wp-json\/wp\/v2\/pages\/30\/revisions\/691"}],"wp:attachment":[{"href":"https:\/\/prowerk-consulting.de\/en\/wp-json\/wp\/v2\/media?parent=30"}],"curies":[{"name":"wp","href":"https:\/\/api.w.org\/{rel}","templated":true}]}}