{"id":617,"date":"2023-08-14T13:03:54","date_gmt":"2023-08-14T11:03:54","guid":{"rendered":"https:\/\/prowerk-consulting.de\/?page_id=617"},"modified":"2025-09-21T20:06:44","modified_gmt":"2025-09-21T18:06:44","slug":"co2-fussabdruck","status":"publish","type":"page","link":"https:\/\/prowerk-consulting.de\/en\/co2-fussabdruck\/","title":{"rendered":"CO2-Fu\u00dfabdruck"},"content":{"rendered":"<div class=\"gb-container gb-container-6d9671d2 alignfull\"><div class=\"gb-inside-container\"><\/div><\/div>\n\n<div class=\"gb-container gb-container-858ba989 shadow animated fadeInUp fast\"><div class=\"gb-inside-container\">\n\n<h1 class=\"gb-headline gb-headline-9b46004d gb-headline-text\">CARBON PROFIT &#8211; CO<sub>2<\/sub>-Fu\u00dfabdruck<\/h1>\n\n\n\n<p class=\"gb-headline gb-headline-31a0dd28 gb-headline-text\">Der CO<sub>2<\/sub>-Fu\u00dfabdruck (PCF &#8211; Product Carbon Footprint) beschreibt die Klimawirkung Ihres Produktes. Damit werden die Emissionen, die bei der Produktion des Produktes entstehen, direkt dem Produkt zugeordnet. Dadurch stehen den Unternehmen neue, erweiterte M\u00f6glichkeiten offen, die Entstehung von Treibhausgasemissionen \u00fcber den Einsatz von gr\u00fcner Energie oder effizienten internen Prozessen hinaus zu optimieren. Wir bewerten und optimieren gezielt den CO<sub>2<\/sub>-Fu\u00dfabdruck f\u00fcr Ihre Produkte und Ihrer Lieferkette bis zum Versand &#8211; und haben uns auf Produktionsmaschinen und auf deren Komponenten speziell ausgerichtet, da wir aus unseren anderen T\u00e4tigkeiten \u00fcber Expertenwissen zur Konstruktion und Produktion dieser Produkte verf\u00fcgen. Unsere Methode CARBON PROFIT bietet besondere Vorteile:<\/p>\n\n\n\n<ul class=\"wp-block-list\">\n<li>Volle Transparenz in der Lieferkette auf Bauteilebene &#8211; Komponenten mit hohem Einfluss k\u00f6nnen einfach identifiziert und gezielt optimiert werden<\/li>\n\n\n\n<li>Aufzeigen und Umsetzen von Potenzialen zur Reduzierung des CO<sub>2<\/sub>-Fu\u00dfabdrucks in der Konstruktion, im Einkauf und in der Produktion<\/li>\n\n\n\n<li>Begeisterung Ihrer Kunden durch nachweislich optimierte Produkte &#8211; bei gleicher Produktqualit\u00e4t <\/li>\n<\/ul>\n\n\n\n<p><strong>Unsere Methode CARBON PROFIT<\/strong><\/p>\n\n\n\n<p>Wir berechnen des CO<sub>2<\/sub>-Fu\u00dfabdruck ausgehend von der St\u00fcckliste f\u00fcr die einzelnen Bauteile &#8211; das Material, die Fertigungsprozesse und die Materialtransporte sind dazu die Basis. Soweit die Produktionsprozesse in Ihrer Hand sind, ermitteln wir mit Ihnen die Energie- und Medienfl\u00fcsse f\u00fcr die einzelnen Prozessschritte mit den verf\u00fcgbaren Daten. Von Ihren Bauteillieferanten liegen meist nur begrenzt Informationen vor, daher berechnen wir, wenn keine detaillierten Daten vorliegen, den CO<sub>2<\/sub>-Fu\u00dfabdruck auch f\u00fcr Ihre Lieferanten &#8211; auf Basis unseres Wissens \u00fcber die erforderlichen Produktionsschritte. <br>Wir haben Ideen zur Produktoptimierung aus \u00fcber 150 Projekten zur Kostenoptimierung von Produktionsmaschinen, kennen die Vielfalt der Anforderungen und begleiten Ihre Konstrukteure bei der Umsetzung von Optimierungen. Dabei optimieren wir in Richtung des CO<sub>2<\/sub>-Fu\u00dfabdrucks, behalten die Herstellkosten aber im Blick!  <br>Wir analysieren Ihre Lieferkette und zeigen Alternativen auf. Gerade im Anlagenbau ist  die Beschaffung in der DACH-Region oft sinnvoll, da die Transportemissionen gering sind. Dar\u00fcber hinaus kennen wir einen Pool an Lieferanten, die auch in der DACH-Region international wettbewerbsf\u00e4hig sind, so dass wir auch hier die Herstellkosten im Blick haben. <br>In Ihrer eigenen Produktion existieren im Wesentlichen zwei Stellhebel: Zum einen die Energiequellen und zum anderen die Produktionseffizienz. F\u00fcr die Energiequellen setzen viele Unternehmen bereits auf gr\u00fcnen Strom und \u00e4hnliches, bei der Effizienz gibt es jedoch h\u00e4ufig gro\u00dfe Potenziale. Hier haben wir viele L\u00f6sungen f\u00fcr verschiedene Produktionsverfahren, die zu einer verbesserten Effizienz beitragen.<\/p>\n\n\n\n<p>Auf Wunsch k\u00f6nnen Sie unsere Berechnung zertifizieren lassen und damit auch f\u00fcr Ihren Nachhaltigkeitsbericht nutzen. F\u00fcr unsere Methode orientieren wir uns an den entsprechenden Normen und Vorschriften &#8211; das haben wir durch die DEKRA unabh\u00e4ngig pr\u00fcfen lassen:<\/p>\n\n\n\n<figure class=\"wp-block-image size-full is-resized\"><img loading=\"lazy\" decoding=\"async\" width=\"654\" height=\"914\" src=\"https:\/\/prowerk-consulting.de\/wp-content\/uploads\/2024\/04\/Dekra-Pruefbescheinigung-Carbon-ProFit.jpg\" alt=\"\" class=\"wp-image-710\" style=\"width:487px;height:auto\" srcset=\"https:\/\/prowerk-consulting.de\/wp-content\/uploads\/2024\/04\/Dekra-Pruefbescheinigung-Carbon-ProFit.jpg 654w, https:\/\/prowerk-consulting.de\/wp-content\/uploads\/2024\/04\/Dekra-Pruefbescheinigung-Carbon-ProFit-215x300.jpg 215w, https:\/\/prowerk-consulting.de\/wp-content\/uploads\/2024\/04\/Dekra-Pruefbescheinigung-Carbon-ProFit-9x12.jpg 9w\" sizes=\"auto, (max-width: 654px) 100vw, 654px\" \/><\/figure>\n\n\n\n<p><\/p>\n\n\n\n<p><strong>Projektablauf<\/strong><\/p>\n\n\n\n<p>Zu Beginn des Projektes steht ein Zieldefinitionsworkshop, in dem wir das Produkt konkret beschreiben und die Ziele f\u00fcr unser Vorhaben festlegen.&nbsp;In dem Rahmen werden auch die Grenzen f\u00fcr unsere Analyse definiert. Anschlie\u00dfend ben\u00f6tigen wir von Ihnen die St\u00fcckliste der Maschine und die Angaben zu den Lieferanten. Gemeinsam erarbeiten wir mit Ihnen die Emissionsanteile, die auf Ihre eigene Produktion entfallen. Wir kontaktieren Ihre Lieferanten und fragen deren Datenlage an. Die Informationen der Lieferanten werden auf Plausibilit\u00e4t gepr\u00fcft &#8211; liegen keine Informationen vor, berechnen wir den CO<sub>2<\/sub>-Fu\u00dfabdruck der entsprechenden Komponenten. <br>Ihr Aufwand im Projekt wird auf ein Minimum reduziert und beinhaltet im Wesentlichen die Bereitstellung von Daten und Informationen. Im Verlauf des Projektes informieren wir Sie laufend \u00fcber den Stand und bereiten die Ergebnisse in einer Pr\u00e4sentation oder in einem Bericht entsprechend der DIN EN 14067 auf.<\/p>\n\n\n\n<p>Im Projekt zeigen sich viele M\u00f6glichkeiten und Ma\u00dfnahmen, um den CO<sub>2<\/sub>-Fu\u00dfabdruck zu reduzieren. Wir begleiten Sie auch in der Umsetzungsphase und sorgen daf\u00fcr, dass die Potenziale gehoben werden.<\/p>\n\n\n\n<p>Sie wollen mehr wissen? Sprechen Sie uns an oder schauen Sie in unsere Ver\u00f6ffentlichungen:<\/p>\n\n\n\n<ul class=\"wp-block-list\">\n<li><a href=\"https:\/\/www.maschinenmarkt.vogel.de\/via-tool-zur-co2-effizienten-zerspanung-a-4f172166eabeec747128877ae18dcbcc\/\">https:\/\/www.maschinenmarkt.vogel.de\/via-tool-zur-co2-effizienten-zerspanung-a-4f172166eabeec747128877ae18dcbcc\/<\/a><\/li>\n\n\n\n<li><a href=\"https:\/\/mav.industrie.de\/maschinen\/co2-fussabdruck-mikro-und-standardmaschine-im-vergleich\/\">https:\/\/mav.industrie.de\/maschinen\/co2-fussabdruck-mikro-und-standardmaschine-im-vergleich\/<\/a><\/li>\n<\/ul>\n\n\n\n<p><\/p>\n\n<\/div><\/div>","protected":false},"excerpt":{"rendered":"<p>CARBON PROFIT &#8211; CO2-Fu\u00dfabdruck Der CO2-Fu\u00dfabdruck (PCF &#8211; Product Carbon Footprint) beschreibt die Klimawirkung Ihres Produktes. Damit werden die Emissionen, die bei der Produktion des Produktes entstehen, direkt dem Produkt zugeordnet. Dadurch stehen den Unternehmen neue, erweiterte M\u00f6glichkeiten offen, die Entstehung von Treibhausgasemissionen \u00fcber den Einsatz von gr\u00fcner Energie oder effizienten internen Prozessen hinaus zu &#8230; <a title=\"CO2-Fu\u00dfabdruck\" class=\"read-more\" href=\"https:\/\/prowerk-consulting.de\/en\/co2-fussabdruck\/\" aria-label=\"Read more about CO2-Fu\u00dfabdruck\">Read more<\/a><\/p>","protected":false},"author":1,"featured_media":0,"parent":0,"menu_order":0,"comment_status":"closed","ping_status":"closed","template":"","meta":{"footnotes":""},"class_list":["post-617","page","type-page","status-publish"],"yoast_head":"<!-- This site is optimized with the Yoast SEO plugin v27.4 - https:\/\/yoast.com\/product\/yoast-seo-wordpress\/ -->\n<title>CO2-Fu\u00dfabdruck - PROWERK Consulting GmbH<\/title>\n<meta name=\"description\" content=\"Transparenz beim CO\u2082-Fu\u00dfabdruck: Unsere Firma setzt auf die Carbon-Profit-Methode f\u00fcr nachhaltiges Wirtschaften und messbare Klimaziele.\" \/>\n<meta name=\"robots\" content=\"index, follow, max-snippet:-1, max-image-preview:large, max-video-preview:-1\" \/>\n<link rel=\"canonical\" href=\"https:\/\/prowerk-consulting.de\/en\/co2-fussabdruck\/\" \/>\n<meta property=\"og:locale\" content=\"en_GB\" \/>\n<meta property=\"og:type\" content=\"article\" \/>\n<meta property=\"og:title\" content=\"CO2-Fu\u00dfabdruck - PROWERK Consulting GmbH\" \/>\n<meta property=\"og:description\" content=\"Transparenz beim CO\u2082-Fu\u00dfabdruck: Unsere Firma setzt auf die Carbon-Profit-Methode f\u00fcr nachhaltiges Wirtschaften und messbare Klimaziele.\" \/>\n<meta property=\"og:url\" content=\"https:\/\/prowerk-consulting.de\/en\/co2-fussabdruck\/\" \/>\n<meta property=\"og:site_name\" content=\"PROWERK Consulting GmbH\" \/>\n<meta property=\"article:modified_time\" content=\"2025-09-21T18:06:44+00:00\" \/>\n<meta property=\"og:image\" content=\"https:\/\/prowerk-consulting.de\/wp-content\/uploads\/2024\/04\/Dekra-Pruefbescheinigung-Carbon-ProFit.jpg\" \/>\n\t<meta property=\"og:image:width\" content=\"654\" \/>\n\t<meta property=\"og:image:height\" content=\"914\" \/>\n\t<meta property=\"og:image:type\" content=\"image\/jpeg\" \/>\n<meta name=\"twitter:card\" content=\"summary_large_image\" \/>\n<meta name=\"twitter:label1\" content=\"Estimated reading time\" \/>\n\t<meta name=\"twitter:data1\" content=\"4 minutes\" \/>\n<script type=\"application\/ld+json\" class=\"yoast-schema-graph\">{\"@context\":\"https:\\\/\\\/schema.org\",\"@graph\":[{\"@type\":\"WebPage\",\"@id\":\"https:\\\/\\\/prowerk-consulting.de\\\/co2-fussabdruck\\\/\",\"url\":\"https:\\\/\\\/prowerk-consulting.de\\\/co2-fussabdruck\\\/\",\"name\":\"CO2-Fu\u00dfabdruck - PROWERK Consulting GmbH\",\"isPartOf\":{\"@id\":\"https:\\\/\\\/prowerk-consulting.de\\\/#website\"},\"primaryImageOfPage\":{\"@id\":\"https:\\\/\\\/prowerk-consulting.de\\\/co2-fussabdruck\\\/#primaryimage\"},\"image\":{\"@id\":\"https:\\\/\\\/prowerk-consulting.de\\\/co2-fussabdruck\\\/#primaryimage\"},\"thumbnailUrl\":\"https:\\\/\\\/prowerk-consulting.de\\\/wp-content\\\/uploads\\\/2024\\\/04\\\/Dekra-Pruefbescheinigung-Carbon-ProFit.jpg\",\"datePublished\":\"2023-08-14T11:03:54+00:00\",\"dateModified\":\"2025-09-21T18:06:44+00:00\",\"description\":\"Transparenz beim CO\u2082-Fu\u00dfabdruck: Unsere Firma setzt auf die Carbon-Profit-Methode f\u00fcr nachhaltiges Wirtschaften und messbare Klimaziele.\",\"breadcrumb\":{\"@id\":\"https:\\\/\\\/prowerk-consulting.de\\\/co2-fussabdruck\\\/#breadcrumb\"},\"inLanguage\":\"en-GB\",\"potentialAction\":[{\"@type\":\"ReadAction\",\"target\":[\"https:\\\/\\\/prowerk-consulting.de\\\/co2-fussabdruck\\\/\"]}]},{\"@type\":\"ImageObject\",\"inLanguage\":\"en-GB\",\"@id\":\"https:\\\/\\\/prowerk-consulting.de\\\/co2-fussabdruck\\\/#primaryimage\",\"url\":\"https:\\\/\\\/prowerk-consulting.de\\\/wp-content\\\/uploads\\\/2024\\\/04\\\/Dekra-Pruefbescheinigung-Carbon-ProFit.jpg\",\"contentUrl\":\"https:\\\/\\\/prowerk-consulting.de\\\/wp-content\\\/uploads\\\/2024\\\/04\\\/Dekra-Pruefbescheinigung-Carbon-ProFit.jpg\"},{\"@type\":\"BreadcrumbList\",\"@id\":\"https:\\\/\\\/prowerk-consulting.de\\\/co2-fussabdruck\\\/#breadcrumb\",\"itemListElement\":[{\"@type\":\"ListItem\",\"position\":1,\"name\":\"Home\",\"item\":\"https:\\\/\\\/prowerk-consulting.de\\\/\"},{\"@type\":\"ListItem\",\"position\":2,\"name\":\"CO2-Fu\u00dfabdruck\"}]},{\"@type\":\"WebSite\",\"@id\":\"https:\\\/\\\/prowerk-consulting.de\\\/#website\",\"url\":\"https:\\\/\\\/prowerk-consulting.de\\\/\",\"name\":\"PROWERK Consulting GmbH\",\"description\":\"Creating Competitive Products\",\"publisher\":{\"@id\":\"https:\\\/\\\/prowerk-consulting.de\\\/#organization\"},\"potentialAction\":[{\"@type\":\"SearchAction\",\"target\":{\"@type\":\"EntryPoint\",\"urlTemplate\":\"https:\\\/\\\/prowerk-consulting.de\\\/?s={search_term_string}\"},\"query-input\":{\"@type\":\"PropertyValueSpecification\",\"valueRequired\":true,\"valueName\":\"search_term_string\"}}],\"inLanguage\":\"en-GB\"},{\"@type\":\"Organization\",\"@id\":\"https:\\\/\\\/prowerk-consulting.de\\\/#organization\",\"name\":\"PROWERK Consulting GmbH\",\"url\":\"https:\\\/\\\/prowerk-consulting.de\\\/\",\"logo\":{\"@type\":\"ImageObject\",\"inLanguage\":\"en-GB\",\"@id\":\"https:\\\/\\\/prowerk-consulting.de\\\/#\\\/schema\\\/logo\\\/image\\\/\",\"url\":\"https:\\\/\\\/prowerk-consulting.de\\\/wp-content\\\/uploads\\\/2022\\\/07\\\/Logo-Prowerk.png\",\"contentUrl\":\"https:\\\/\\\/prowerk-consulting.de\\\/wp-content\\\/uploads\\\/2022\\\/07\\\/Logo-Prowerk.png\",\"width\":852,\"height\":240,\"caption\":\"PROWERK Consulting GmbH\"},\"image\":{\"@id\":\"https:\\\/\\\/prowerk-consulting.de\\\/#\\\/schema\\\/logo\\\/image\\\/\"},\"sameAs\":[\"https:\\\/\\\/www.linkedin.com\\\/company\\\/prowerk-consulting-gmbh\"]}]}<\/script>\n<!-- \/ Yoast SEO plugin. -->","yoast_head_json":{"title":"CO2-Fu\u00dfabdruck - PROWERK Consulting GmbH","description":"Transparenz beim CO\u2082-Fu\u00dfabdruck: Unsere Firma setzt auf die Carbon-Profit-Methode f\u00fcr nachhaltiges Wirtschaften und messbare Klimaziele.","robots":{"index":"index","follow":"follow","max-snippet":"max-snippet:-1","max-image-preview":"max-image-preview:large","max-video-preview":"max-video-preview:-1"},"canonical":"https:\/\/prowerk-consulting.de\/en\/co2-fussabdruck\/","og_locale":"en_GB","og_type":"article","og_title":"CO2-Fu\u00dfabdruck - PROWERK Consulting GmbH","og_description":"Transparenz beim CO\u2082-Fu\u00dfabdruck: Unsere Firma setzt auf die Carbon-Profit-Methode f\u00fcr nachhaltiges Wirtschaften und messbare Klimaziele.","og_url":"https:\/\/prowerk-consulting.de\/en\/co2-fussabdruck\/","og_site_name":"PROWERK Consulting GmbH","article_modified_time":"2025-09-21T18:06:44+00:00","og_image":[{"width":654,"height":914,"url":"https:\/\/prowerk-consulting.de\/wp-content\/uploads\/2024\/04\/Dekra-Pruefbescheinigung-Carbon-ProFit.jpg","type":"image\/jpeg"}],"twitter_card":"summary_large_image","twitter_misc":{"Estimated reading time":"4 minutes"},"schema":{"@context":"https:\/\/schema.org","@graph":[{"@type":"WebPage","@id":"https:\/\/prowerk-consulting.de\/co2-fussabdruck\/","url":"https:\/\/prowerk-consulting.de\/co2-fussabdruck\/","name":"CO2-Fu\u00dfabdruck - PROWERK Consulting GmbH","isPartOf":{"@id":"https:\/\/prowerk-consulting.de\/#website"},"primaryImageOfPage":{"@id":"https:\/\/prowerk-consulting.de\/co2-fussabdruck\/#primaryimage"},"image":{"@id":"https:\/\/prowerk-consulting.de\/co2-fussabdruck\/#primaryimage"},"thumbnailUrl":"https:\/\/prowerk-consulting.de\/wp-content\/uploads\/2024\/04\/Dekra-Pruefbescheinigung-Carbon-ProFit.jpg","datePublished":"2023-08-14T11:03:54+00:00","dateModified":"2025-09-21T18:06:44+00:00","description":"Transparenz beim CO\u2082-Fu\u00dfabdruck: Unsere Firma setzt auf die Carbon-Profit-Methode f\u00fcr nachhaltiges Wirtschaften und messbare Klimaziele.","breadcrumb":{"@id":"https:\/\/prowerk-consulting.de\/co2-fussabdruck\/#breadcrumb"},"inLanguage":"en-GB","potentialAction":[{"@type":"ReadAction","target":["https:\/\/prowerk-consulting.de\/co2-fussabdruck\/"]}]},{"@type":"ImageObject","inLanguage":"en-GB","@id":"https:\/\/prowerk-consulting.de\/co2-fussabdruck\/#primaryimage","url":"https:\/\/prowerk-consulting.de\/wp-content\/uploads\/2024\/04\/Dekra-Pruefbescheinigung-Carbon-ProFit.jpg","contentUrl":"https:\/\/prowerk-consulting.de\/wp-content\/uploads\/2024\/04\/Dekra-Pruefbescheinigung-Carbon-ProFit.jpg"},{"@type":"BreadcrumbList","@id":"https:\/\/prowerk-consulting.de\/co2-fussabdruck\/#breadcrumb","itemListElement":[{"@type":"ListItem","position":1,"name":"Home","item":"https:\/\/prowerk-consulting.de\/"},{"@type":"ListItem","position":2,"name":"CO2-Fu\u00dfabdruck"}]},{"@type":"WebSite","@id":"https:\/\/prowerk-consulting.de\/#website","url":"https:\/\/prowerk-consulting.de\/","name":"PROWERK Consulting GmbH","description":"Creating Competitive Products","publisher":{"@id":"https:\/\/prowerk-consulting.de\/#organization"},"potentialAction":[{"@type":"SearchAction","target":{"@type":"EntryPoint","urlTemplate":"https:\/\/prowerk-consulting.de\/?s={search_term_string}"},"query-input":{"@type":"PropertyValueSpecification","valueRequired":true,"valueName":"search_term_string"}}],"inLanguage":"en-GB"},{"@type":"Organization","@id":"https:\/\/prowerk-consulting.de\/#organization","name":"PROWERK Consulting GmbH","url":"https:\/\/prowerk-consulting.de\/","logo":{"@type":"ImageObject","inLanguage":"en-GB","@id":"https:\/\/prowerk-consulting.de\/#\/schema\/logo\/image\/","url":"https:\/\/prowerk-consulting.de\/wp-content\/uploads\/2022\/07\/Logo-Prowerk.png","contentUrl":"https:\/\/prowerk-consulting.de\/wp-content\/uploads\/2022\/07\/Logo-Prowerk.png","width":852,"height":240,"caption":"PROWERK Consulting GmbH"},"image":{"@id":"https:\/\/prowerk-consulting.de\/#\/schema\/logo\/image\/"},"sameAs":["https:\/\/www.linkedin.com\/company\/prowerk-consulting-gmbh"]}]}},"_links":{"self":[{"href":"https:\/\/prowerk-consulting.de\/en\/wp-json\/wp\/v2\/pages\/617","targetHints":{"allow":["GET"]}}],"collection":[{"href":"https:\/\/prowerk-consulting.de\/en\/wp-json\/wp\/v2\/pages"}],"about":[{"href":"https:\/\/prowerk-consulting.de\/en\/wp-json\/wp\/v2\/types\/page"}],"author":[{"embeddable":true,"href":"https:\/\/prowerk-consulting.de\/en\/wp-json\/wp\/v2\/users\/1"}],"replies":[{"embeddable":true,"href":"https:\/\/prowerk-consulting.de\/en\/wp-json\/wp\/v2\/comments?post=617"}],"version-history":[{"count":15,"href":"https:\/\/prowerk-consulting.de\/en\/wp-json\/wp\/v2\/pages\/617\/revisions"}],"predecessor-version":[{"id":712,"href":"https:\/\/prowerk-consulting.de\/en\/wp-json\/wp\/v2\/pages\/617\/revisions\/712"}],"wp:attachment":[{"href":"https:\/\/prowerk-consulting.de\/en\/wp-json\/wp\/v2\/media?parent=617"}],"curies":[{"name":"wp","href":"https:\/\/api.w.org\/{rel}","templated":true}]}}