{"id":765,"date":"2025-09-30T19:14:19","date_gmt":"2025-09-30T17:14:19","guid":{"rendered":"https:\/\/prowerk-consulting.de\/?page_id=765"},"modified":"2025-09-30T20:59:50","modified_gmt":"2025-09-30T18:59:50","slug":"referenzen","status":"publish","type":"page","link":"https:\/\/prowerk-consulting.de\/en\/referenzen\/","title":{"rendered":"References"},"content":{"rendered":"<div class=\"gb-container gb-container-6f9671d9 alignfull\"><div class=\"gb-inside-container\"><\/div><\/div>\n\n<div class=\"gb-container gb-container-858ba989 shadow animated fadeInUp fast\"><div class=\"gb-inside-container\">\n\n<h1 class=\"gb-headline gb-headline-9b46004d gb-headline-text\">References<\/h1>\n\n\n\n<p class=\"gb-headline gb-headline-53d26354 gb-headline-text\">We build our work on more than 20 years of experience in over 200 optimization projects. In doing so, we often work with our clients over an extended period of time in various follow-up projects.<\/p>\n\n\n\n<ol class=\"wp-block-list\">\n<li>ACTEGA Metal Print GmbH \u2013 Lehrte <sup><a href=\"https:\/\/www.actega.com\/sa\/en\/about-actega\/company\/actega-metal-print\/\" target=\"_blank\">1<\/a><\/sup><\/li>\n\n\n\n<li>A. Mannesmann Maschinenfabrik GmbH \u2013 Remscheid <sup><a href=\"https:\/\/www.amannesmann.de\/en\/products\/\" target=\"_blank\">2<\/a><\/sup><\/li>\n\n\n\n<li>Arconic Extrusions Hannover GmbH \u2013 Hannover <sup><a href=\"https:\/\/www.arconic.com\/germany\" target=\"_blank\">3<\/a><\/sup><\/li>\n\n\n\n<li>Baker Hughes Inteq GmbH \u2013 Celle <sup><a href=\"https:\/\/www.bakerhughes.com\/\" target=\"_blank\">4<\/a><\/sup><\/li>\n\n\n\n<li>Berg Spanntechnik GmbH \u2013 Bielefeld <sup><a href=\"https:\/\/www.berg-spanntechnik.de\/en\/\" target=\"_blank\">5<\/a><\/sup><\/li>\n\n\n\n<li>Bielomatik GmbH \u2013 R\u00f6merstein <sup><a href=\"https:\/\/www.bielomatik.com\/en\/\" target=\"_blank\">6<\/a><\/sup><\/li>\n\n\n\n<li>Bobst Bielefeld GmbH \u2013 Bielefeld <sup><a href=\"https:\/\/www.bobst.com\/usen\/about-bobst\/who-we-are\/companies-global-network\/company\/companies\/bobst-bielefeld-gmbh\/\" target=\"_blank\">7<\/a><\/sup><\/li>\n\n\n\n<li>Bosch Rexroth AG \u2013 Schweinfurt <sup><a href=\"https:\/\/www.boschrexroth.com\/en\/dc\/\" target=\"_blank\">8<\/a><\/sup><\/li>\n\n\n\n<li>Burgsm\u00fcller GmbH \u2013 Kreiensen <sup><a href=\"https:\/\/www.burgsmueller.de\/\" target=\"_blank\">9<\/a><\/sup><\/li>\n\n\n\n<li>CeramTec GmbH \u2013 Plochingen <sup><a href=\"https:\/\/www.ceramtec.com\/\" target=\"_blank\">10<\/a><\/sup><\/li>\n\n\n\n<li>Contrinex AG \u2013 Corminboeuf, Schweiz <sup><a href=\"https:\/\/www.contrinex.com\/\" target=\"_blank\">11<\/a><\/sup><\/li>\n\n\n\n<li>Datacon Austria \u2013 Radfeld, \u00d6sterreich <sup><a href=\"https:\/\/www.datacon.at\/\" target=\"_blank\">12<\/a><\/sup><\/li>\n\n\n\n<li>DB Waggonbau GmbH \u2013 Niesky <sup><a href=\"https:\/\/www.dbwaggonbau.de\/\" target=\"_blank\">13<\/a><\/sup><\/li>\n\n\n\n<li>DMG Mori AG \u2013 Bielefeld <sup><a href=\"https:\/\/www.dmgmori.com\/\" target=\"_blank\">14<\/a><\/sup><\/li>\n\n\n\n<li>D\u00fcrr Systems AG \u2013 Bietigheim-Bissingen <sup><a href=\"https:\/\/www.durr.com\/\" target=\"_blank\">15<\/a><\/sup><\/li>\n\n\n\n<li>EMAG GmbH &amp; Co. KG \u2013 Salach, Zerbst, Heubach, Dornstetten <sup><a href=\"https:\/\/www.emag.com\/\" target=\"_blank\">16<\/a><\/sup><\/li>\n\n\n\n<li>EOS GmbH \u2013 Krailling <sup><a href=\"https:\/\/www.eos.info\/\" target=\"_blank\">17<\/a><\/sup><\/li>\n\n\n\n<li>ESEC \u2013 Zug, Schweiz <sup><a href=\"https:\/\/www.esec.com\/\" target=\"_blank\">18<\/a><\/sup><\/li>\n\n\n\n<li>E-T-A Elektrotechnische Apparate GmbH \u2013 Altdorf <sup><a href=\"https:\/\/www.e-t-a.com\/\" target=\"_blank\">19<\/a><\/sup><\/li>\n\n\n\n<li>Ex-Cell-O GmbH \u2013 Eislingen <sup><a href=\"https:\/\/www.ex-cell-o.de\/\" target=\"_blank\">20<\/a><\/sup><\/li>\n\n\n\n<li>Franz Kessler GmbH \u2013 Bad Buchau <sup><a href=\"https:\/\/www.kessler.de\/\" target=\"_blank\">21<\/a><\/sup><\/li>\n\n\n\n<li>Gehring Technology GmbH + Co. KG \u2013 Ostfildern <sup><a href=\"https:\/\/www.gehring-group.com\/\" target=\"_blank\">22<\/a><\/sup><\/li>\n\n\n\n<li>Harting Applied Technologies GmbH \u2013 Espelkamp <sup><a href=\"https:\/\/www.harting.com\/\" target=\"_blank\">23<\/a><\/sup><\/li>\n\n\n\n<li>Hermes Schleifmittel GmbH \u2013 Hamburg <sup><a href=\"https:\/\/www.hermes-schleifmittel.com\/\" target=\"_blank\">24<\/a><\/sup><\/li>\n\n\n\n<li>HF Mixing Group \u2013 Freudenberg, Mailand (IT), Dubnica nad Vahom (SK) <sup><a href=\"https:\/\/www.hf-mixing-group.com\/\" target=\"_blank\">25<\/a><\/sup><\/li>\n\n\n\n<li>Homag AG \u2013 Schopfloch und Herzebrock <sup><a href=\"https:\/\/www.homag.com\/\" target=\"_blank\">26<\/a><\/sup><\/li>\n\n\n\n<li>Horiba Europe GmbH \u2013 Darmstadt <sup><a href=\"https:\/\/www.horiba.com\/\" target=\"_blank\">27<\/a><\/sup><\/li>\n\n\n\n<li>Illig Maschinenbau GmbH &amp; Co. KG \u2013 Heilbronn <sup><a href=\"https:\/\/www.illig.de\/\" target=\"_blank\">28<\/a><\/sup><\/li>\n\n\n\n<li>IWK Verpackungstechnik GmbH \u2013 Stutensee <sup><a href=\"https:\/\/www.iwk.de\/\" target=\"_blank\">29<\/a><\/sup><\/li>\n\n\n\n<li>Kendrion GmbH \u2013 Markdorf <sup><a href=\"https:\/\/www.kendrion.com\/\" target=\"_blank\">30<\/a><\/sup><\/li>\n\n\n\n<li>Krone SE &amp; Co. KG \u2013 Spelle <sup><a href=\"https:\/\/www.krone.de\/\" target=\"_blank\">31<\/a><\/sup><\/li>\n\n\n\n<li>KraussMaffei Group \u2013 Hannover <sup><a href=\"https:\/\/www.kraussmaffei.com\/\" target=\"_blank\">32<\/a><\/sup><\/li>\n\n\n\n<li>LPKF SolarQuipment GmbH \u2013 Suhl <sup><a href=\"https:\/\/www.lpkf.com\/\" target=\"_blank\">33<\/a><\/sup><\/li>\n\n\n\n<li>MAG Gruppe \u2013 Eislingen, G\u00f6ppingen, Ludwigsburg, Mosbach, Taunusstein <sup><a href=\"https:\/\/www.mag-ias.com\/\" target=\"_blank\">34<\/a><\/sup><\/li>\n\n\n\n<li>MTU Friedrichshafen GmbH \u2013 Friedrichshafen <sup><a href=\"https:\/\/www.mtu-solutions.com\/\" target=\"_blank\">35<\/a><\/sup><\/li>\n\n\n\n<li>Niles Simmons Hegenscheidt Group \u2013 Chemnitz und D\u00f6beln <sup><a href=\"https:\/\/www.niles-simmons.com\/\" target=\"_blank\">36<\/a><\/sup><\/li>\n\n\n\n<li>Nordex Energy SE &amp; Co. KG \u2013 Hamburg\/Norderstedt <sup><a href=\"https:\/\/www.nordex-online.com\/\" target=\"_blank\">37<\/a><\/sup><\/li>\n\n\n\n<li>Ottobock SE &amp; Co. KGaA \u2013 Duderstadt <sup><a href=\"https:\/\/www.ottobock.com\/\" target=\"_blank\">38<\/a><\/sup><\/li>\n\n\n\n<li>Piller Group GmbH \u2013 Osterode <sup><a href=\"https:\/\/www.piller.com\/\" target=\"_blank\">39<\/a><\/sup><\/li>\n\n\n\n<li>Premium Areotec GmbH (Now Airbus SE) \u2013 Varel, Augsburg <sup><a href=\"https:\/\/www.airbus.com\/\" target=\"_blank\">40<\/a><\/sup><\/li>\n\n\n\n<li>Rotodecor GmbH \u2013 Lage\/Lippe <sup><a href=\"https:\/\/www.rotodecor.de\/\" target=\"_blank\">41<\/a><\/sup><\/li>\n\n\n\n<li>Schunk SE &amp; Co. KG \u2013 Lauffen am Neckar, Hausen <sup><a href=\"https:\/\/www.schunk.com\/\" target=\"_blank\">42<\/a><\/sup><\/li>\n\n\n\n<li>Siemens AG \u2013 Erlangen <sup><a href=\"https:\/\/www.siemens.com\/\" target=\"_blank\">43<\/a><\/sup><\/li>\n\n\n\n<li>Alfred H. Sch\u00fctte GmbH &amp; Co. KG \u2013 K\u00f6ln <sup><a href=\"https:\/\/www.schutte.de\/\" target=\"_blank\">44<\/a><\/sup><\/li>\n\n\n\n<li>ThyssenKrupp System Engineering GmbH \u2013 Bremen und Langenhagen <sup><a href=\"https:\/\/www.thyssenkrupp.com\/\" target=\"_blank\">45<\/a><\/sup><\/li>\n\n\n\n<li>Volvo Construction Equipment Germany GmbH \u2013 Hameln <sup><a href=\"https:\/\/www.volvoce.com\/germany\/\" target=\"_blank\">46<\/a><\/sup><\/li>\n\n\n\n<li>Walter AG \u2013 T\u00fcbingen <sup><a href=\"https:\/\/www.walter-tools.com\/\" target=\"_blank\">47<\/a><\/sup><\/li>\n\n\n\n<li>Weinmann Holzbausystemtechnik GmbH \u2013 St. Johann <sup><a href=\"https:\/\/www.homag.com\/unternehmen\/standorte\/weinmann-holzbausystemtechnik-st-johann\" target=\"_blank\" rel=\"noreferrer noopener\">48<\/a><\/sup><\/li>\n\n\n\n<li>Carl Zeiss AG \u2013 Oberkochen, G\u00f6ttingen <sup><a href=\"https:\/\/www.zeiss.com\/\" target=\"_blank\">49<\/a><\/sup><\/li>\n\n\n\n<li>Zorn Maschinenbau GmbH \u2013 Stockach <sup><a href=\"https:\/\/www.zorn-maschinenbau.de\/\" target=\"_blank\">50<\/a><\/sup><\/li>\n<\/ol>\n\n\n\n<p>ProWerk Consulting on LinkedIn: <a href=\"https:\/\/www.linkedin.com\/company\/prowerk-consulting-gmbh\/?miniCompanyUrn=urn%3Ali%3Afs_miniCompany%3A89199493&amp;lipi=urn%3Ali%3Apage%3Ad_flagship3_company_admin%3BPpm1rAwgTQ6WrQtoT9jbZg%3D%3D\">https:\/\/www.linkedin.com\/company\/prowerk-consulting-gmbh\/<\/a><\/p>\n\n<\/div><\/div>\n\n\n<p><\/p>","protected":false},"excerpt":{"rendered":"<p>Referenzen Wie bauen unsere Arbeit auf \u00fcber 20 Jahre Erfahrungen in \u00fcber 200 Optimierungsprojekten auf. Dabei sind wir bei unseren Kunden oft \u00fcber einen l\u00e4ngeren Zeitraum in verschiedenen Folgeprojekten t\u00e4tig: ProWerk Consulting auf LinkedIn: https:\/\/www.linkedin.com\/company\/prowerk-consulting-gmbh\/<\/p>","protected":false},"author":3,"featured_media":0,"parent":0,"menu_order":0,"comment_status":"closed","ping_status":"closed","template":"","meta":{"footnotes":""},"class_list":["post-765","page","type-page","status-publish"],"yoast_head":"<!-- This site is optimized with the Yoast SEO plugin v27.3 - https:\/\/yoast.com\/product\/yoast-seo-wordpress\/ -->\n<title>Referenzen - PROWERK Consulting GmbH<\/title>\n<meta name=\"description\" content=\"\u00dcber 20 Jahre Erfahrung und mehr als 200 erfolgreiche Optimierungsprojekte: Entdecken Sie unsere Referenzen bei namhaften Unternehmen wie Bosch Rexroth, ACTEGA, Arconic, Baker Hughes und vielen weiteren Partnern.\" \/>\n<meta name=\"robots\" content=\"index, follow, max-snippet:-1, max-image-preview:large, max-video-preview:-1\" \/>\n<link rel=\"canonical\" href=\"https:\/\/prowerk-consulting.de\/en\/referenzen\/\" \/>\n<meta property=\"og:locale\" content=\"en_GB\" \/>\n<meta property=\"og:type\" content=\"article\" \/>\n<meta property=\"og:title\" content=\"Referenzen - PROWERK Consulting GmbH\" \/>\n<meta property=\"og:description\" content=\"\u00dcber 20 Jahre Erfahrung und mehr als 200 erfolgreiche Optimierungsprojekte: Entdecken Sie unsere Referenzen bei namhaften Unternehmen wie Bosch Rexroth, ACTEGA, Arconic, Baker Hughes und vielen weiteren Partnern.\" \/>\n<meta property=\"og:url\" content=\"https:\/\/prowerk-consulting.de\/en\/referenzen\/\" \/>\n<meta property=\"og:site_name\" content=\"PROWERK Consulting GmbH\" \/>\n<meta property=\"article:modified_time\" content=\"2025-09-30T18:59:50+00:00\" \/>\n<meta name=\"twitter:card\" content=\"summary_large_image\" \/>\n<meta name=\"twitter:label1\" content=\"Estimated reading time\" \/>\n\t<meta name=\"twitter:data1\" content=\"2 minutes\" \/>\n<script type=\"application\/ld+json\" class=\"yoast-schema-graph\">{\"@context\":\"https:\\\/\\\/schema.org\",\"@graph\":[{\"@type\":\"WebPage\",\"@id\":\"https:\\\/\\\/prowerk-consulting.de\\\/referenzen\\\/\",\"url\":\"https:\\\/\\\/prowerk-consulting.de\\\/referenzen\\\/\",\"name\":\"Referenzen - PROWERK Consulting GmbH\",\"isPartOf\":{\"@id\":\"https:\\\/\\\/prowerk-consulting.de\\\/#website\"},\"datePublished\":\"2025-09-30T17:14:19+00:00\",\"dateModified\":\"2025-09-30T18:59:50+00:00\",\"description\":\"\u00dcber 20 Jahre Erfahrung und mehr als 200 erfolgreiche Optimierungsprojekte: Entdecken Sie unsere Referenzen bei namhaften Unternehmen wie Bosch Rexroth, ACTEGA, Arconic, Baker Hughes und vielen weiteren Partnern.\",\"breadcrumb\":{\"@id\":\"https:\\\/\\\/prowerk-consulting.de\\\/referenzen\\\/#breadcrumb\"},\"inLanguage\":\"en-GB\",\"potentialAction\":[{\"@type\":\"ReadAction\",\"target\":[\"https:\\\/\\\/prowerk-consulting.de\\\/referenzen\\\/\"]}]},{\"@type\":\"BreadcrumbList\",\"@id\":\"https:\\\/\\\/prowerk-consulting.de\\\/referenzen\\\/#breadcrumb\",\"itemListElement\":[{\"@type\":\"ListItem\",\"position\":1,\"name\":\"Home\",\"item\":\"https:\\\/\\\/prowerk-consulting.de\\\/\"},{\"@type\":\"ListItem\",\"position\":2,\"name\":\"Referenzen\"}]},{\"@type\":\"WebSite\",\"@id\":\"https:\\\/\\\/prowerk-consulting.de\\\/#website\",\"url\":\"https:\\\/\\\/prowerk-consulting.de\\\/\",\"name\":\"PROWERK Consulting GmbH\",\"description\":\"Creating Competitive Products\",\"publisher\":{\"@id\":\"https:\\\/\\\/prowerk-consulting.de\\\/#organization\"},\"potentialAction\":[{\"@type\":\"SearchAction\",\"target\":{\"@type\":\"EntryPoint\",\"urlTemplate\":\"https:\\\/\\\/prowerk-consulting.de\\\/?s={search_term_string}\"},\"query-input\":{\"@type\":\"PropertyValueSpecification\",\"valueRequired\":true,\"valueName\":\"search_term_string\"}}],\"inLanguage\":\"en-GB\"},{\"@type\":\"Organization\",\"@id\":\"https:\\\/\\\/prowerk-consulting.de\\\/#organization\",\"name\":\"PROWERK Consulting GmbH\",\"url\":\"https:\\\/\\\/prowerk-consulting.de\\\/\",\"logo\":{\"@type\":\"ImageObject\",\"inLanguage\":\"en-GB\",\"@id\":\"https:\\\/\\\/prowerk-consulting.de\\\/#\\\/schema\\\/logo\\\/image\\\/\",\"url\":\"https:\\\/\\\/prowerk-consulting.de\\\/wp-content\\\/uploads\\\/2022\\\/07\\\/Logo-Prowerk.png\",\"contentUrl\":\"https:\\\/\\\/prowerk-consulting.de\\\/wp-content\\\/uploads\\\/2022\\\/07\\\/Logo-Prowerk.png\",\"width\":852,\"height\":240,\"caption\":\"PROWERK Consulting GmbH\"},\"image\":{\"@id\":\"https:\\\/\\\/prowerk-consulting.de\\\/#\\\/schema\\\/logo\\\/image\\\/\"},\"sameAs\":[\"https:\\\/\\\/www.linkedin.com\\\/company\\\/prowerk-consulting-gmbh\"]}]}<\/script>\n<!-- \/ Yoast SEO plugin. -->","yoast_head_json":{"title":"Referenzen - PROWERK Consulting GmbH","description":"\u00dcber 20 Jahre Erfahrung und mehr als 200 erfolgreiche Optimierungsprojekte: Entdecken Sie unsere Referenzen bei namhaften Unternehmen wie Bosch Rexroth, ACTEGA, Arconic, Baker Hughes und vielen weiteren Partnern.","robots":{"index":"index","follow":"follow","max-snippet":"max-snippet:-1","max-image-preview":"max-image-preview:large","max-video-preview":"max-video-preview:-1"},"canonical":"https:\/\/prowerk-consulting.de\/en\/referenzen\/","og_locale":"en_GB","og_type":"article","og_title":"Referenzen - PROWERK Consulting GmbH","og_description":"\u00dcber 20 Jahre Erfahrung und mehr als 200 erfolgreiche Optimierungsprojekte: Entdecken Sie unsere Referenzen bei namhaften Unternehmen wie Bosch Rexroth, ACTEGA, Arconic, Baker Hughes und vielen weiteren Partnern.","og_url":"https:\/\/prowerk-consulting.de\/en\/referenzen\/","og_site_name":"PROWERK Consulting GmbH","article_modified_time":"2025-09-30T18:59:50+00:00","twitter_card":"summary_large_image","twitter_misc":{"Estimated reading time":"2 minutes"},"schema":{"@context":"https:\/\/schema.org","@graph":[{"@type":"WebPage","@id":"https:\/\/prowerk-consulting.de\/referenzen\/","url":"https:\/\/prowerk-consulting.de\/referenzen\/","name":"Referenzen - PROWERK Consulting GmbH","isPartOf":{"@id":"https:\/\/prowerk-consulting.de\/#website"},"datePublished":"2025-09-30T17:14:19+00:00","dateModified":"2025-09-30T18:59:50+00:00","description":"\u00dcber 20 Jahre Erfahrung und mehr als 200 erfolgreiche Optimierungsprojekte: Entdecken Sie unsere Referenzen bei namhaften Unternehmen wie Bosch Rexroth, ACTEGA, Arconic, Baker Hughes und vielen weiteren Partnern.","breadcrumb":{"@id":"https:\/\/prowerk-consulting.de\/referenzen\/#breadcrumb"},"inLanguage":"en-GB","potentialAction":[{"@type":"ReadAction","target":["https:\/\/prowerk-consulting.de\/referenzen\/"]}]},{"@type":"BreadcrumbList","@id":"https:\/\/prowerk-consulting.de\/referenzen\/#breadcrumb","itemListElement":[{"@type":"ListItem","position":1,"name":"Home","item":"https:\/\/prowerk-consulting.de\/"},{"@type":"ListItem","position":2,"name":"Referenzen"}]},{"@type":"WebSite","@id":"https:\/\/prowerk-consulting.de\/#website","url":"https:\/\/prowerk-consulting.de\/","name":"PROWERK Consulting GmbH","description":"Creating Competitive Products","publisher":{"@id":"https:\/\/prowerk-consulting.de\/#organization"},"potentialAction":[{"@type":"SearchAction","target":{"@type":"EntryPoint","urlTemplate":"https:\/\/prowerk-consulting.de\/?s={search_term_string}"},"query-input":{"@type":"PropertyValueSpecification","valueRequired":true,"valueName":"search_term_string"}}],"inLanguage":"en-GB"},{"@type":"Organization","@id":"https:\/\/prowerk-consulting.de\/#organization","name":"PROWERK Consulting GmbH","url":"https:\/\/prowerk-consulting.de\/","logo":{"@type":"ImageObject","inLanguage":"en-GB","@id":"https:\/\/prowerk-consulting.de\/#\/schema\/logo\/image\/","url":"https:\/\/prowerk-consulting.de\/wp-content\/uploads\/2022\/07\/Logo-Prowerk.png","contentUrl":"https:\/\/prowerk-consulting.de\/wp-content\/uploads\/2022\/07\/Logo-Prowerk.png","width":852,"height":240,"caption":"PROWERK Consulting GmbH"},"image":{"@id":"https:\/\/prowerk-consulting.de\/#\/schema\/logo\/image\/"},"sameAs":["https:\/\/www.linkedin.com\/company\/prowerk-consulting-gmbh"]}]}},"_links":{"self":[{"href":"https:\/\/prowerk-consulting.de\/en\/wp-json\/wp\/v2\/pages\/765","targetHints":{"allow":["GET"]}}],"collection":[{"href":"https:\/\/prowerk-consulting.de\/en\/wp-json\/wp\/v2\/pages"}],"about":[{"href":"https:\/\/prowerk-consulting.de\/en\/wp-json\/wp\/v2\/types\/page"}],"author":[{"embeddable":true,"href":"https:\/\/prowerk-consulting.de\/en\/wp-json\/wp\/v2\/users\/3"}],"replies":[{"embeddable":true,"href":"https:\/\/prowerk-consulting.de\/en\/wp-json\/wp\/v2\/comments?post=765"}],"version-history":[{"count":23,"href":"https:\/\/prowerk-consulting.de\/en\/wp-json\/wp\/v2\/pages\/765\/revisions"}],"predecessor-version":[{"id":811,"href":"https:\/\/prowerk-consulting.de\/en\/wp-json\/wp\/v2\/pages\/765\/revisions\/811"}],"wp:attachment":[{"href":"https:\/\/prowerk-consulting.de\/en\/wp-json\/wp\/v2\/media?parent=765"}],"curies":[{"name":"wp","href":"https:\/\/api.w.org\/{rel}","templated":true}]}}